{"id":6286,"date":"2023-01-09T10:52:30","date_gmt":"2023-01-09T09:52:30","guid":{"rendered":"https:\/\/lamfitriona.com\/politica-de-privacidad\/"},"modified":"2024-09-04T16:55:48","modified_gmt":"2024-09-04T16:55:48","slug":"politica-de-privadesa","status":"publish","type":"page","link":"https:\/\/lamfitriona.com\/ca\/politica-de-privadesa\/","title":{"rendered":"Pol\u00edtica de privacitat"},"content":{"rendered":"\t\t<div data-elementor-type=\"wp-page\" data-elementor-id=\"6286\" class=\"elementor elementor-6286 elementor-4517\" data-elementor-post-type=\"page\">\n\t\t\t\t\t\t<section class=\"elementor-section elementor-top-section elementor-element elementor-element-fefaab5 elementor-section-boxed elementor-section-height-default elementor-section-height-default\" data-id=\"fefaab5\" data-element_type=\"section\">\n\t\t\t\t\t\t<div class=\"elementor-container elementor-column-gap-default\">\n\t\t\t\t\t<div class=\"elementor-column elementor-col-100 elementor-top-column elementor-element elementor-element-0883e15\" data-id=\"0883e15\" data-element_type=\"column\">\n\t\t\t<div class=\"elementor-widget-wrap elementor-element-populated\">\n\t\t\t\t\t\t<div class=\"elementor-element elementor-element-4165d58 elementor-widget elementor-widget-spacer\" data-id=\"4165d58\" data-element_type=\"widget\" data-widget_type=\"spacer.default\">\n\t\t\t\t\t\t\t<div class=\"elementor-spacer\">\n\t\t\t<div class=\"elementor-spacer-inner\"><\/div>\n\t\t<\/div>\n\t\t\t\t\t\t<\/div>\n\t\t\t\t\t<\/div>\n\t\t<\/div>\n\t\t\t\t\t<\/div>\n\t\t<\/section>\n\t\t\t\t<section class=\"elementor-section elementor-top-section elementor-element elementor-element-0f0547b elementor-section-boxed elementor-section-height-default elementor-section-height-default\" data-id=\"0f0547b\" data-element_type=\"section\">\n\t\t\t\t\t\t<div class=\"elementor-container elementor-column-gap-default\">\n\t\t\t\t\t<div class=\"elementor-column elementor-col-100 elementor-top-column elementor-element elementor-element-be9adad\" data-id=\"be9adad\" data-element_type=\"column\">\n\t\t\t<div class=\"elementor-widget-wrap elementor-element-populated\">\n\t\t\t\t\t\t<div class=\"elementor-element elementor-element-81ea351 elementor-widget elementor-widget-text-editor\" data-id=\"81ea351\" data-element_type=\"widget\" data-widget_type=\"text-editor.default\">\n\t\t\t\t\t\t\t\t\t<p>L&#8217;AMFITRIONA est\u00e0 especialment sensibilitzada en la protecci\u00f3 de dades de car\u00e0cter personal dels Usuaris dels serveis del lloc Web.<br \/>\nMitjan\u00e7ant la present Pol\u00edtica de Privacitat (en endavant, la Pol\u00edtica) L&#8217;AMFITRIONA, informa els USUARIS d&#8217;aquest lloc web, dels usos als quals se sotmeten les dades de car\u00e0cter personal que es recaven en lloc Web, per tal que decideixin, lliurement i volunt\u00e0riament, si desitgen facilitar la informaci\u00f3 sol\u00b7licitada. <\/p>\n<p>L&#8217;AMFITRIONA es reserva la facultat de modificar aquesta Pol\u00edtica amb l&#8217;objectiu d&#8217;adaptar-la a novetats legislatives, criteris jurisprudencials, pr\u00e0ctiques del sector, o interessos de l&#8217;entitat.<br \/>\nQualsevol modificaci\u00f3 en la mateixa ser\u00e0 anunciada amb la deguda antelaci\u00f3, a fi que tingui perfecte coneixement del seu contingut. <\/p>\n<\/p>\n<p><strong>RESPONSABLE<\/strong><\/p>\n<p>El responsable del Tractament de les dades de car\u00e0cter personal \u00e9s:<\/p>\n<p>Identitat: L&#8217;AMFITRIONA amb CIF\/NIF: Y0357268T, en endavant ENTITAT<br \/>Adre\u00e7a: Av Flora Cadena, 11, baixos, 25594, Rialp, Lleida<\/p>\n<p>E-mail: <a href=\"mailto:info@lamfitriona.com\">info@lamfitriona.com<\/a><\/p>\n<p><strong>FINALITAT DEL TRACTAMENT<\/strong><\/p>\n<p>La recollida i tractament de les dades personals recollides a trav\u00e9s del formulari de contacte, t\u00e9 com a finalitat la gesti\u00f3, administraci\u00f3, prestaci\u00f3, ampliaci\u00f3 i millora dels serveis prestats per l&#8217;AMFITRIONA, atenent les sol\u00b7licituds d&#8217;informaci\u00f3 i\/o consultes plantejades.<\/p>\n<p><strong>TERMINI DE CONSERVACI\u00d3<\/strong><\/p>\n<p>Les dades personals proporcionades es conservaran durant el termini corresponent per complir amb les obligacions legals, o fins que se sol\u00b7liciti la seva supressi\u00f3 per l&#8217;interessat i aquest estigui legitimat per a aix\u00f2.<\/p>\n<p><strong>LEGITIMACI\u00d3<\/strong><\/p>\n<p>L&#8217;AMFITRIONA est\u00e0 legitimat al tractament de dades personals, en base al consentiment atorgat per l&#8217;interessat per a un o diversos fins espec\u00edfics, tal com recull l&#8217;article 6.1.a) del Reglament General de Protecci\u00f3 de dades personals.<\/p>\n<p><strong>DESTINATARIS<\/strong><\/p>\n<p>Les dades personals recaptades no seran cedides o comunicades a altres tercers, excepte en els sup\u00f2sits necessaris per al desenvolupament, control i compliment de la\/s finalitat\/es expressada\/s, en els sup\u00f2sits previstos segons Llei, aix\u00ed com en els casos espec\u00edfics, dels quals s&#8217;informi expressament a l&#8217;Usuari.<\/p>\n<p><strong>DRETS DELS USUARIS:<\/strong><\/p>\n<p>Quins s\u00f3n els seus drets quan ens facilita les seves dades?<\/p>\n<p>Acc\u00e9s: L&#8217; interessat t\u00e9 dret a saber quines dades est\u00e0 tractant l&#8217; ENTITAT sobre ell.<br \/>Rectificaci\u00f3: L&#8217; interessat t\u00e9 dret a demanar la rectificaci\u00f3 de les dades inexactes.<br \/>Supressi\u00f3: L&#8217; interessat t\u00e9 dret a demanar la supressi\u00f3 de les seves dades quan, entro altres motius, les dades no siguin necess\u00e0ries per a les finalitats que van ser recollides.<br \/>Limitaci\u00f3 del tractament: En determinades circumst\u00e0ncies l&#8217; interessat podr\u00e0 demanar la limitaci\u00f3 del tractament de les seves dades, cas en el qual \u00fanicament les conservarem per a l&#8217; exercici o la defensa de reclamacions.<br \/>Oposici\u00f3: En determinades circumst\u00e0ncies l&#8217; interessat podr\u00e0 oposar-se al tractament de les seves dades.<br \/>\nEn aquest cas l&#8217; ENTITAT deixar\u00e0 de tractar les seves dades, excepte per motius leg\u00edtims imperiosos o l&#8217; exercici o la defensa de possibles reclamacions.<br \/>Portabilitat de les dades: Nom\u00e9s aplicable a dades automatitzades i consisteix a passar les dades des de l&#8217;ENTITAT a un altre nou RESPONSABLE DEL TRACTAMENT (no a l&#8217;interessat i per sol\u00b7licitud del mateix). <\/p>\n<p>Pot vost\u00e8 exercir els seus drets incl\u00f2s el dret a retirar el seu consentiment (si aquest va ser atorgat) enviant un escrit acompanyat del seu DNI a l&#8217;AMFITRIONA a Av Flora Cadena, 11, baixos, 25594, Rialp, Lleida o enviant un e-mail a info@lamfitriona.com<\/p>\n<p>A m\u00e9s t\u00e9 vost\u00e8 dret a presentar una reclamaci\u00f3 davant l&#8217;Autoritat de Control en mat\u00e8ria de Protecci\u00f3 de Dades, actualment l&#8217;Ag\u00e8ncia Espanyola de Protecci\u00f3 de Dades.<\/p>\n<p><strong>MESURES DE SEGURETAT<\/strong><\/p>\n<p>El responsable del tractament L&#8217;AMFITRIONA aplicar\u00e0 mesures t\u00e8cniques i organitzatives apropiades per garantir un nivell de seguretat adequat al risc del mateix.<\/p>\n<p><strong>TRANSFER\u00c8NCIES INTERNACIONALS<\/strong><\/p>\n<p>No es realitzen transfer\u00e8ncies internacionals.<\/p>\n<p><strong>PERFILS I PRESES DE DECISIONS AUTOMATITZADES<\/strong><\/p>\n<p>No s&#8217;elaboren perfils, No es prenen decisions automatitzades amb les dades facilitades per l&#8217;usuari.<\/p>\n\t\t\t\t\t\t\t\t<\/div>\n\t\t\t\t\t<\/div>\n\t\t<\/div>\n\t\t\t\t\t<\/div>\n\t\t<\/section>\n\t\t\t\t<section class=\"elementor-section elementor-top-section elementor-element elementor-element-59444f7 elementor-section-boxed elementor-section-height-default elementor-section-height-default\" data-id=\"59444f7\" data-element_type=\"section\">\n\t\t\t\t\t\t<div class=\"elementor-container elementor-column-gap-default\">\n\t\t\t\t\t<div class=\"elementor-column elementor-col-100 elementor-top-column elementor-element elementor-element-4388e93\" data-id=\"4388e93\" data-element_type=\"column\">\n\t\t\t<div class=\"elementor-widget-wrap elementor-element-populated\">\n\t\t\t\t\t\t<div class=\"elementor-element elementor-element-e119891 elementor-widget elementor-widget-spacer\" data-id=\"e119891\" data-element_type=\"widget\" data-widget_type=\"spacer.default\">\n\t\t\t\t\t\t\t<div class=\"elementor-spacer\">\n\t\t\t<div class=\"elementor-spacer-inner\"><\/div>\n\t\t<\/div>\n\t\t\t\t\t\t<\/div>\n\t\t\t\t\t<\/div>\n\t\t<\/div>\n\t\t\t\t\t<\/div>\n\t\t<\/section>\n\t\t\t\t<\/div>\n\t\t","protected":false},"excerpt":{"rendered":"<p>L&#8217;AMFITRIONA est\u00e0 especialment sensibilitzada en la protecci\u00f3 de dades de car\u00e0cter personal dels Usuaris dels serveis del lloc Web. Mitjan\u00e7ant la present Pol\u00edtica de Privacitat (en endavant, la Pol\u00edtica) L&#8217;AMFITRIONA, informa els USUARIS d&#8217;aquest lloc web, dels usos als quals se sotmeten les dades de car\u00e0cter personal que es recaven en lloc Web, per tal [&hellip;]<\/p>\n","protected":false},"author":4,"featured_media":0,"parent":0,"menu_order":0,"comment_status":"closed","ping_status":"closed","template":"elementor_header_footer","meta":{"_acf_changed":false,"_joinchat":[],"footnotes":""},"class_list":["post-6286","page","type-page","status-publish","hentry"],"acf":[],"_links":{"self":[{"href":"https:\/\/lamfitriona.com\/ca\/wp-json\/wp\/v2\/pages\/6286","targetHints":{"allow":["GET"]}}],"collection":[{"href":"https:\/\/lamfitriona.com\/ca\/wp-json\/wp\/v2\/pages"}],"about":[{"href":"https:\/\/lamfitriona.com\/ca\/wp-json\/wp\/v2\/types\/page"}],"author":[{"embeddable":true,"href":"https:\/\/lamfitriona.com\/ca\/wp-json\/wp\/v2\/users\/4"}],"replies":[{"embeddable":true,"href":"https:\/\/lamfitriona.com\/ca\/wp-json\/wp\/v2\/comments?post=6286"}],"version-history":[{"count":6,"href":"https:\/\/lamfitriona.com\/ca\/wp-json\/wp\/v2\/pages\/6286\/revisions"}],"predecessor-version":[{"id":16775,"href":"https:\/\/lamfitriona.com\/ca\/wp-json\/wp\/v2\/pages\/6286\/revisions\/16775"}],"wp:attachment":[{"href":"https:\/\/lamfitriona.com\/ca\/wp-json\/wp\/v2\/media?parent=6286"}],"curies":[{"name":"wp","href":"https:\/\/api.w.org\/{rel}","templated":true}]}}