{"id":16801,"date":"2024-07-19T17:50:57","date_gmt":"2024-07-19T16:50:57","guid":{"rendered":"https:\/\/www.lamfitriona.com\/producto\/sense categoria\/apartament-les-vernedes\/"},"modified":"2024-07-19T17:50:57","modified_gmt":"2024-07-19T17:50:57","slug":"apartament-les-vernedes","status":"publish","type":"product","link":"https:\/\/lamfitriona.com\/ca\/producto\/apartamentos-ca-2\/apartament-les-vernedes\/","title":{"rendered":"Apartament Les Vernedes"},"content":{"rendered":"<div class=\"_tp3sbt\">\n<div><span class=\"lrl13de atm_kd_19r6f69_24z95b atm_kd_19r6f69_1xbvphn_1oszvuo dir dir-ltr\">Espectacular apartament a Sort, modern i completament equipat.<br \/>\nPerfecte per a una fam\u00edlia o grups d&#8217;amics que vulguin venir i gaudir de la zona.<br \/>\nA tan sols 15 minuts de la pista d&#8217;esqu\u00ed de Port Ain\u00e9, a 10 minuts de la Vall d&#8217;\u00c0ssua i a 30 minuts del Parc Nacional d&#8217;Aig\u00fcestortes i Estany de Sant Maurici.<br \/>\nDisposa de la ubicaci\u00f3 perfecta per realitzar diverses activitats com: senderisme, esqu\u00ed, r\u00e0fting, kayak, equitaci\u00f3, etc   <\/span><\/div>\n<\/div>\n<div><\/div>\n<div><span style=\"text-decoration: underline;\">L&#8217; espai:<\/span><\/div>\n<div class=\"_tp3sbt\">\n<p><span class=\"lrl13de atm_kd_19r6f69_24z95b atm_kd_19r6f69_1xbvphn_1oszvuo dir dir-ltr\">Apartament format per una habitaci\u00f3 matrimonial, una habitaci\u00f3 amb una llitera i una altra habitaci\u00f3 amb dos llits individuals.<br \/>\nA banda, el menjador amb terrassa, cuina i bany complet amb dutxa. <\/span>  El m\u00e9s atractiu d&#8217;aquest apartament \u00e9s la terrassa amb unes vistes incre\u00efbles al riu i a les muntanyes.<br \/>\nA banda disposa de 2 places de p\u00e0rquing privades dins del mateix edifici.<br \/>\nLa xemeneia el\u00e8ctrica, dissenyada per a crea un ambient c\u00e0lid per a aquests dies de pluja o hivernals.    <\/div>\n<div><\/div>\n<div><span style=\"text-decoration: underline;\">Altres aspectes destacables:<\/span><\/div>\n<div>\n<p><span class=\"lrl13de atm_kd_19r6f69_24z95b atm_kd_19r6f69_1xbvphn_1oszvuo dir dir-ltr\">*Taxa tur\u00edstica d&#8217;1\u20ac per adult major de 16 anys i nit no inclosa<\/span><span class=\"lrl13de atm_kd_19r6f69_24z95b atm_kd_19r6f69_1xbvphn_1oszvuo dir dir-ltr\">*No s&#8217;admeten mascotes<\/span><span class=\"lrl13de atm_kd_19r6f69_24z95b atm_kd_19r6f69_1xbvphn_1oszvuo dir dir-ltr\">*No s&#8217;admeten festes<\/span><span class=\"lrl13de atm_kd_19r6f69_24z95b atm_kd_19r6f69_1xbvphn_1oszvuo dir dir-ltr\">*A l&#8217;entrada s&#8217;ha d&#8217;abonar una fian\u00e7a de 100\u20ac que es retornar\u00e0 a la sortida<\/span><\/p>\n<\/div>\n","protected":false},"excerpt":{"rendered":"<p>Espectacular apartament a Sort, modern i completament equipat. Perfecte per a una fam\u00edlia o grups d&#8217;amics que vulguin venir i gaudir de la zona. A tan sols 15 minuts de la pista d&#8217;esqu\u00ed de Port Ain\u00e9, a 10 minuts de la Vall d&#8217;\u00c0ssua i a 30 minuts del Parc Nacional d&#8217;Aig\u00fcestortes i Estany de Sant [&hellip;]<\/p>\n","protected":false},"featured_media":15316,"template":"","meta":{"_acf_changed":false,"_joinchat":[]},"product_brand":[],"product_cat":[58,60],"product_tag":[67],"class_list":{"0":"post-16801","1":"product","2":"type-product","3":"status-publish","4":"has-post-thumbnail","6":"product_cat-apartamentos-ca-2","7":"product_cat-pallars-sobira-ca-2","8":"product_tag-apartament-les-vernedes","10":"first","11":"instock","12":"shipping-taxable","13":"product-type-simple"},"acf":[],"_links":{"self":[{"href":"https:\/\/lamfitriona.com\/ca\/wp-json\/wp\/v2\/product\/16801","targetHints":{"allow":["GET"]}}],"collection":[{"href":"https:\/\/lamfitriona.com\/ca\/wp-json\/wp\/v2\/product"}],"about":[{"href":"https:\/\/lamfitriona.com\/ca\/wp-json\/wp\/v2\/types\/product"}],"version-history":[{"count":0,"href":"https:\/\/lamfitriona.com\/ca\/wp-json\/wp\/v2\/product\/16801\/revisions"}],"wp:featuredmedia":[{"embeddable":true,"href":"https:\/\/lamfitriona.com\/ca\/wp-json\/wp\/v2\/media\/15316"}],"wp:attachment":[{"href":"https:\/\/lamfitriona.com\/ca\/wp-json\/wp\/v2\/media?parent=16801"}],"wp:term":[{"taxonomy":"product_brand","embeddable":true,"href":"https:\/\/lamfitriona.com\/ca\/wp-json\/wp\/v2\/product_brand?post=16801"},{"taxonomy":"product_cat","embeddable":true,"href":"https:\/\/lamfitriona.com\/ca\/wp-json\/wp\/v2\/product_cat?post=16801"},{"taxonomy":"product_tag","embeddable":true,"href":"https:\/\/lamfitriona.com\/ca\/wp-json\/wp\/v2\/product_tag?post=16801"}],"curies":[{"name":"wp","href":"https:\/\/api.w.org\/{rel}","templated":true}]}}