{"id":16802,"date":"2024-07-19T19:43:39","date_gmt":"2024-07-19T18:43:39","guid":{"rendered":"https:\/\/www.lamfitriona.com\/producto\/sense categoria\/sol-espot\/"},"modified":"2024-07-19T19:43:39","modified_gmt":"2024-07-19T19:43:39","slug":"sol-espot","status":"publish","type":"product","link":"https:\/\/lamfitriona.com\/ca\/producto\/apartamentos-ca-2\/sol-espot\/","title":{"rendered":"Sol Espot"},"content":{"rendered":"<div class=\"_tp3sbt\">\n<div><span class=\"lrl13de atm_kd_19r6f69_24z95b atm_kd_19r6f69_1xbvphn_1oszvuo dir dir-ltr\">Casa tipus Alberg, amb vistes incre\u00efbles a Sort i a la muntanya.<br \/>\nPerfecte per a una fam\u00edlia gran o grup d&#8217;amics perfecta per a aquelles persones que vulguin venir i gaudir de les activitats que ofereix aquesta zona tan bonica del Pirineu Catal\u00e0, com per exemple: senderisme pel Parc Natural de l&#8217;Alt Pirineu o Nacional d&#8217;Aig\u00fcestortes, r\u00e0fting, kayak, esqu\u00ed, equitaci\u00f3, etc. <\/span><\/div>\n<\/div>\n<div><\/div>\n<div><span style=\"text-decoration: underline;\">L&#8217; espai:<\/span><\/div>\n<div><\/div>\n<div class=\"_tp3sbt\"><span class=\"lrl13de atm_kd_19r6f69_24z95b atm_kd_19r6f69_1xbvphn_1oszvuo dir dir-ltr\"><span class=\"lrl13de atm_kd_19r6f69_24z95b atm_kd_19r6f69_1xbvphn_1oszvuo dir dir-ltr\">Es tracta d&#8217;un part de la casa, adaptada i totalment privada amb incre\u00efbles vistes a la muntanya i al poble de Sort, envoltada de natura.<br \/>\nLa casa est\u00e0 formada per una habitaci\u00f3 gran que consisteix de: 3 llits matrimonials i 4 individuals en llitera.<br \/>\nA banda, disposa d&#8217;un gran sal\u00f3 amb cuina i xemeneia, un bany complet i terrassa amb barbacoa i jard\u00ed privat.  <\/span><\/span>Aquesta part de la casa no es comparteix amb ning\u00fa.<br \/>\n\u00c9s totalment privada! <\/div>\n<div><\/div>\n<div><strong>Serveis i zones comunes<\/strong><\/div>\n<div><\/div>\n<p><span style=\"text-decoration: underline;\"><span class=\"lrl13de atm_kd_19r6f69_24z95b atm_kd_19r6f69_1xbvphn_1oszvuo dir dir-ltr\">El m\u00e9s atractiu de la casa:<\/span><\/span><\/p>\n<ul>\n<li><span class=\"lrl13de atm_kd_19r6f69_24z95b atm_kd_19r6f69_1xbvphn_1oszvuo dir dir-ltr\">VISTES a la muntanya i a Sort<\/span><\/li>\n<li><span class=\"lrl13de atm_kd_19r6f69_24z95b atm_kd_19r6f69_1xbvphn_1oszvuo dir dir-ltr\">Terrassa amb barbacoa<\/span><\/li>\n<li><span class=\"lrl13de atm_kd_19r6f69_24z95b atm_kd_19r6f69_1xbvphn_1oszvuo dir dir-ltr\">Jard\u00ed privat<\/span><\/li>\n<li><span class=\"lrl13de atm_kd_19r6f69_24z95b atm_kd_19r6f69_1xbvphn_1oszvuo dir dir-ltr\">Xemeneia interior<\/span><\/li>\n<li><span class=\"lrl13de atm_kd_19r6f69_24z95b atm_kd_19r6f69_1xbvphn_1oszvuo dir dir-ltr\">Lloc per aparcar davant de la casa<\/span><\/li>\n<\/ul>\n<div><\/div>\n<div><strong>Altres aspectes destacables<\/strong><\/div>\n<ul>\n<li class=\"_tp3sbt\"><span class=\"lrl13de atm_kd_19r6f69_24z95b atm_kd_19r6f69_1xbvphn_1oszvuo dir dir-ltr\">Taxa tur\u00edstica d&#8217; 1 \u20ac per persona major de 16 anys i nit<\/span><\/li>\n<li class=\"_tp3sbt\">S&#8217;accepten mascotes. Comporta un petit suplement<\/li>\n<li class=\"_tp3sbt\">No s&#8217; admeten festes<\/li>\n<li class=\"_tp3sbt\">Es cobra una fian\u00e7a de 100 \u20ac que ser\u00e0 retornada a la sortida<\/li>\n<\/ul>\n","protected":false},"excerpt":{"rendered":"<p>Casa tipus Alberg, amb vistes incre\u00efbles a Sort i a la muntanya. Perfecte per a una fam\u00edlia gran o grup d&#8217;amics perfecta per a aquelles persones que vulguin venir i gaudir de les activitats que ofereix aquesta zona tan bonica del Pirineu Catal\u00e0, com per exemple: senderisme pel Parc Natural de l&#8217;Alt Pirineu o Nacional [&hellip;]<\/p>\n","protected":false},"featured_media":15371,"template":"","meta":{"_acf_changed":false,"_joinchat":[]},"product_brand":[],"product_cat":[58,60],"product_tag":[68],"class_list":{"0":"post-16802","1":"product","2":"type-product","3":"status-publish","4":"has-post-thumbnail","6":"product_cat-apartamentos-ca-2","7":"product_cat-pallars-sobira-ca-2","8":"product_tag-sol-espot","10":"first","11":"instock","12":"shipping-taxable","13":"product-type-simple"},"acf":[],"_links":{"self":[{"href":"https:\/\/lamfitriona.com\/ca\/wp-json\/wp\/v2\/product\/16802","targetHints":{"allow":["GET"]}}],"collection":[{"href":"https:\/\/lamfitriona.com\/ca\/wp-json\/wp\/v2\/product"}],"about":[{"href":"https:\/\/lamfitriona.com\/ca\/wp-json\/wp\/v2\/types\/product"}],"version-history":[{"count":0,"href":"https:\/\/lamfitriona.com\/ca\/wp-json\/wp\/v2\/product\/16802\/revisions"}],"wp:featuredmedia":[{"embeddable":true,"href":"https:\/\/lamfitriona.com\/ca\/wp-json\/wp\/v2\/media\/15371"}],"wp:attachment":[{"href":"https:\/\/lamfitriona.com\/ca\/wp-json\/wp\/v2\/media?parent=16802"}],"wp:term":[{"taxonomy":"product_brand","embeddable":true,"href":"https:\/\/lamfitriona.com\/ca\/wp-json\/wp\/v2\/product_brand?post=16802"},{"taxonomy":"product_cat","embeddable":true,"href":"https:\/\/lamfitriona.com\/ca\/wp-json\/wp\/v2\/product_cat?post=16802"},{"taxonomy":"product_tag","embeddable":true,"href":"https:\/\/lamfitriona.com\/ca\/wp-json\/wp\/v2\/product_tag?post=16802"}],"curies":[{"name":"wp","href":"https:\/\/api.w.org\/{rel}","templated":true}]}}