{"id":16803,"date":"2024-07-19T20:05:31","date_gmt":"2024-07-19T19:05:31","guid":{"rendered":"https:\/\/www.lamfitriona.com\/producto\/sense categoria\/apartament-la-coma\/"},"modified":"2024-07-19T20:05:31","modified_gmt":"2024-07-19T20:05:31","slug":"apartament-la-coma","status":"publish","type":"product","link":"https:\/\/lamfitriona.com\/ca\/producto\/apartamentos-ca-2\/apartament-la-coma\/","title":{"rendered":"Apartament La Coma"},"content":{"rendered":"<div class=\"_tp3sbt\">\n<div><span class=\"lrl13de atm_kd_19r6f69_24z95b atm_kd_19r6f69_1xbvphn_1oszvuo dir dir-ltr\">Apartament c\u00e8ntric al poble de Llavors\u00ed, prop dels punts de m\u00e9s inter\u00e8s de la zona com el Parc Nacional d&#8217; Aig\u00fcestortes i Estany de Sant Maurici, el Parc Natural, l&#8217; estaci\u00f3 d&#8217; esqu\u00ed de Port Ain\u00e9 o Espot Esqu\u00cd.<br \/>\nPerfecte per a una fam\u00edlia o grups d&#8217;amics que venen a gaudir de les nombroses activitats que ofereix la zona com per exemple: r\u00e0fting, esqu\u00ed, senderisme, equitaci\u00f3, pesca, etc. <\/span><\/div>\n<\/div>\n<div class=\"_tp3sbt\">\n<div>\n<div class=\"_gt7myn\">\n<p class=\"hpipapi atm_7l_1kw7nm4 atm_c8_1x4eueo atm_cs_1kw7nm4 atm_g3_1kw7nm4 atm_gi_idpfg4 atm_l8_idpfg4 atm_kd_idpfg4_pfnrn2 dir dir-ltr\" tabindex=\"-1\"><strong>L&#8217; espai<\/strong><\/p>\n<\/div>\n<p><span class=\"lrl13de atm_kd_19r6f69_24z95b atm_kd_19r6f69_1xbvphn_1oszvuo dir dir-ltr\">Apartament totalment equipat amb tot el necessari per a una estada c\u00f2moda i agradable.<br \/>\nDisposa d&#8217; una habitaci\u00f3 amb llit matrimonial gran i una altra habitaci\u00f3 amb una llitera formada per un llit matrimonial i una altra individual.<br \/>\nA banda troba el menjador amb balc\u00f3 i xemeneia, cuina i bany complet.<br \/>\nL&#8217;apartament es troba just al costat del supermercat SUMA, davant d&#8217;un parc infantil i a pocs metres la piscina p\u00fablica.   <\/span><\/div>\n<\/div>\n<div class=\"_tp3sbt\">\n<div class=\"_gt7myn\">\n<p class=\"hpipapi atm_7l_1kw7nm4 atm_c8_1x4eueo atm_cs_1kw7nm4 atm_g3_1kw7nm4 atm_gi_idpfg4 atm_l8_idpfg4 atm_kd_idpfg4_pfnrn2 dir dir-ltr\" tabindex=\"-1\"><strong>Altres aspectes destacables<\/strong><\/p>\n<ul>\n<li class=\"hpipapi atm_7l_1kw7nm4 atm_c8_1x4eueo atm_cs_1kw7nm4 atm_g3_1kw7nm4 atm_gi_idpfg4 atm_l8_idpfg4 atm_kd_idpfg4_pfnrn2 dir dir-ltr\" tabindex=\"-1\">Taxa tur\u00edstica d&#8217; 1 \u20ac per persona major de 16 anys i nit no inclosa en la tarifa de l&#8217; estada<\/li>\n<li class=\"hpipapi atm_7l_1kw7nm4 atm_c8_1x4eueo atm_cs_1kw7nm4 atm_g3_1kw7nm4 atm_gi_idpfg4 atm_l8_idpfg4 atm_kd_idpfg4_pfnrn2 dir dir-ltr\" tabindex=\"-1\">No s&#8217; admeten festes<\/li>\n<li class=\"hpipapi atm_7l_1kw7nm4 atm_c8_1x4eueo atm_cs_1kw7nm4 atm_g3_1kw7nm4 atm_gi_idpfg4 atm_l8_idpfg4 atm_kd_idpfg4_pfnrn2 dir dir-ltr\" tabindex=\"-1\">Es cobra una fian\u00e7a de 100\u20ac a l&#8217;entrada, que ser\u00e0 retornada a la sortida<\/li>\n<\/ul>\n<\/div>\n<\/div>\n<div class=\"_tp3sbt\">\n<div>\n<div class=\"_gt7myn\">\n<p class=\"hpipapi atm_7l_1kw7nm4 atm_c8_1x4eueo atm_cs_1kw7nm4 atm_g3_1kw7nm4 atm_gi_idpfg4 atm_l8_idpfg4 atm_kd_idpfg4_pfnrn2 dir dir-ltr\" tabindex=\"-1\"><strong>N\u00famero de registre<\/strong><\/p>\n<\/div>\n<p><span class=\"lrl13de atm_kd_19r6f69_24z95b atm_kd_19r6f69_1xbvphn_1oszvuo dir dir-ltr\">HUTL-068121<\/span><\/div>\n<\/div>\n","protected":false},"excerpt":{"rendered":"<p>L&#8217;apartament est\u00e0 format per una habitaci\u00f3 matrimonial, i dues habitacions amb dos llits individuals.<br \/>\nA banda, 3 banys complets, cuina, menjador amb balc\u00f3 i xemeneia.<br \/>\nDisposa de tots els serveis per a una major comoditat, com per exemple, pla\u00e7a de p\u00e0rquing coberta i gratu\u00efta al mateix edifici, Wi-Fi,, smart TV, etc.  <\/p>\n","protected":false},"featured_media":15456,"template":"","meta":{"_acf_changed":false,"_joinchat":[]},"product_brand":[],"product_cat":[58,60],"product_tag":[83],"class_list":{"0":"post-16803","1":"product","2":"type-product","3":"status-publish","4":"has-post-thumbnail","6":"product_cat-apartamentos-ca-2","7":"product_cat-pallars-sobira-ca-2","8":"product_tag-la-coma","10":"first","11":"instock","12":"shipping-taxable","13":"product-type-simple"},"acf":[],"_links":{"self":[{"href":"https:\/\/lamfitriona.com\/ca\/wp-json\/wp\/v2\/product\/16803","targetHints":{"allow":["GET"]}}],"collection":[{"href":"https:\/\/lamfitriona.com\/ca\/wp-json\/wp\/v2\/product"}],"about":[{"href":"https:\/\/lamfitriona.com\/ca\/wp-json\/wp\/v2\/types\/product"}],"version-history":[{"count":0,"href":"https:\/\/lamfitriona.com\/ca\/wp-json\/wp\/v2\/product\/16803\/revisions"}],"wp:featuredmedia":[{"embeddable":true,"href":"https:\/\/lamfitriona.com\/ca\/wp-json\/wp\/v2\/media\/15456"}],"wp:attachment":[{"href":"https:\/\/lamfitriona.com\/ca\/wp-json\/wp\/v2\/media?parent=16803"}],"wp:term":[{"taxonomy":"product_brand","embeddable":true,"href":"https:\/\/lamfitriona.com\/ca\/wp-json\/wp\/v2\/product_brand?post=16803"},{"taxonomy":"product_cat","embeddable":true,"href":"https:\/\/lamfitriona.com\/ca\/wp-json\/wp\/v2\/product_cat?post=16803"},{"taxonomy":"product_tag","embeddable":true,"href":"https:\/\/lamfitriona.com\/ca\/wp-json\/wp\/v2\/product_tag?post=16803"}],"curies":[{"name":"wp","href":"https:\/\/api.w.org\/{rel}","templated":true}]}}