{"id":16804,"date":"2024-07-19T20:18:43","date_gmt":"2024-07-19T19:18:43","guid":{"rendered":"https:\/\/www.lamfitriona.com\/producto\/sense categoria\/apartament-la-xisqueta-vall-fosca\/"},"modified":"2024-07-19T20:18:43","modified_gmt":"2024-07-19T20:18:43","slug":"apartament-la-xisqueta-vall-fosca","status":"publish","type":"product","link":"https:\/\/lamfitriona.com\/ca\/producto\/apartamentos-ca-2\/apartament-la-xisqueta-vall-fosca\/","title":{"rendered":"Apartament la Xisqueta &#8211; Vall Fosca"},"content":{"rendered":"<p>Preus apartament nou reformat, en plena Vall Fosca, prop de les rutes principals de la zona.<br \/>\nPerfecte per a fam\u00edlies o grups d&#8217;amics a la recerca de tranquil\u00b7litat i relaxar-se a la muntanya.<br \/>\nEnvoltat de naturalesa i rutes precioses.<br \/>\nA 15 minuts del telef\u00e8ric de la Vall Fosca, que est\u00e0 obert sempre a l&#8217;estiu (juliol-agost-setembre) perfecte per anar al Parc Nacional d&#8217;Aig\u00fcestortes.     <\/p>\n<div class=\"_tp3sbt\">\n<div>\n<div class=\"_gt7myn\">\n<p class=\"hpipapi atm_7l_1kw7nm4 atm_c8_1x4eueo atm_cs_1kw7nm4 atm_g3_1kw7nm4 atm_gi_idpfg4 atm_l8_idpfg4 atm_kd_idpfg4_pfnrn2 dir dir-ltr\" tabindex=\"-1\"><strong>Altres aspectes destacables<\/strong><\/p>\n<\/div>\n<p><span class=\"lrl13de atm_kd_19r6f69_24z95b atm_kd_19r6f69_1xbvphn_1oszvuo dir dir-ltr\">*Taxa tur\u00edstica d&#8217;1\u20ac per adult major de 16 anys i nit no inclosa *S&#8217;admeten mascotes, sota petici\u00f3.<br \/>\nComporta un petit suplement *No s&#8217;admeten festes <\/span><\/div>\n<\/div>\n<div class=\"_tp3sbt\">\n<div>\n<div class=\"_gt7myn\">\n<p class=\"hpipapi atm_7l_1kw7nm4 atm_c8_1x4eueo atm_cs_1kw7nm4 atm_g3_1kw7nm4 atm_gi_idpfg4 atm_l8_idpfg4 atm_kd_idpfg4_pfnrn2 dir dir-ltr\" tabindex=\"-1\"><strong>N\u00famero de registre<\/strong><\/p>\n<\/div>\n<p><span class=\"lrl13de atm_kd_19r6f69_24z95b atm_kd_19r6f69_1xbvphn_1oszvuo dir dir-ltr\">HUTL-074329<\/span><\/div>\n<\/div>\n","protected":false},"excerpt":{"rendered":"<p>El D\u00faplex est\u00e0 format per una habitaci\u00f3 amb llit matrimonial gran tipus Suite (bany propi), una altra habitaci\u00f3 amb 2 lliteres i bany propi, i una altra habitaci\u00f3 amb dos llits individuals i bany a part.<br \/>\nTamb\u00e9 disposa de menjador amb xemeneia i balc\u00f3 amb vistes a la muntanya i la cuina equipada!<br \/>\nF\u00e0cil per aparcar just davant de l&#8217;edifici.<br \/>\nL&#8217; establiment disposa d&#8217; ascensor.   <\/p>\n","protected":false},"featured_media":15499,"template":"","meta":{"_acf_changed":false,"_joinchat":[]},"product_brand":[],"product_cat":[58,112],"product_tag":[69],"class_list":{"0":"post-16804","1":"product","2":"type-product","3":"status-publish","4":"has-post-thumbnail","6":"product_cat-apartamentos-ca-2","7":"product_cat-pallars-jussa-ca-2","8":"product_tag-xisqueta","10":"first","11":"instock","12":"shipping-taxable","13":"product-type-simple"},"acf":[],"_links":{"self":[{"href":"https:\/\/lamfitriona.com\/ca\/wp-json\/wp\/v2\/product\/16804","targetHints":{"allow":["GET"]}}],"collection":[{"href":"https:\/\/lamfitriona.com\/ca\/wp-json\/wp\/v2\/product"}],"about":[{"href":"https:\/\/lamfitriona.com\/ca\/wp-json\/wp\/v2\/types\/product"}],"version-history":[{"count":0,"href":"https:\/\/lamfitriona.com\/ca\/wp-json\/wp\/v2\/product\/16804\/revisions"}],"wp:featuredmedia":[{"embeddable":true,"href":"https:\/\/lamfitriona.com\/ca\/wp-json\/wp\/v2\/media\/15499"}],"wp:attachment":[{"href":"https:\/\/lamfitriona.com\/ca\/wp-json\/wp\/v2\/media?parent=16804"}],"wp:term":[{"taxonomy":"product_brand","embeddable":true,"href":"https:\/\/lamfitriona.com\/ca\/wp-json\/wp\/v2\/product_brand?post=16804"},{"taxonomy":"product_cat","embeddable":true,"href":"https:\/\/lamfitriona.com\/ca\/wp-json\/wp\/v2\/product_cat?post=16804"},{"taxonomy":"product_tag","embeddable":true,"href":"https:\/\/lamfitriona.com\/ca\/wp-json\/wp\/v2\/product_tag?post=16804"}],"curies":[{"name":"wp","href":"https:\/\/api.w.org\/{rel}","templated":true}]}}