{"id":16805,"date":"2024-07-22T17:52:05","date_gmt":"2024-07-22T16:52:05","guid":{"rendered":"https:\/\/www.lamfitriona.com\/producto\/sense categoria\/deluxe-espot-2\/"},"modified":"2024-07-22T17:52:05","modified_gmt":"2024-07-22T17:52:05","slug":"deluxe-espot-2","status":"publish","type":"product","link":"https:\/\/lamfitriona.com\/ca\/producto\/apartamentos-ca-2\/deluxe-espot-2\/","title":{"rendered":"Deluxe Espot 2"},"content":{"rendered":"<p>Preus apartament al centre del pintoresc poble d&#8217; Espot.<br \/>\nPerfecte per a una fam\u00edlia o grup d&#8217;amics que volen venir a gaudir d&#8217;una c\u00e0lida llar a la muntanya i a descobrir les nombroses rutes de senderisme que parteixen des d&#8217;aquest indret, realitzar activitats d&#8217;aventura o visitar llocs emblem\u00e0tics com el Parc Nacional d&#8217;Aig\u00fcestortes i Estany de Sant Maurici.<br \/>\nA banda, el nostre apartament est\u00e0 ubicat a nom\u00e9s 4 km de la famosa pista d&#8217;esqu\u00ed &#8220;Espot Esqu\u00ed&#8221;.    <\/p>\n<div class=\"_tp3sbt\">\n<div>\n<div class=\"_gt7myn\">\n<p class=\"hpipapi atm_7l_1kw7nm4 atm_c8_1x4eueo atm_cs_1kw7nm4 atm_g3_1kw7nm4 atm_gi_idpfg4 atm_l8_idpfg4 atm_kd_idpfg4_pfnrn2 dir dir-ltr\" tabindex=\"-1\"><span style=\"text-decoration: underline;\"><strong>Altres aspectes destacables<\/strong><\/span><\/p>\n<\/div>\n<p><span class=\"lrl13de atm_kd_19r6f69_24z95b atm_kd_19r6f69_1xbvphn_1oszvuo dir dir-ltr\">*No s&#8217;accepten mascotes *No s&#8217;admeten festes *Taxa tur\u00edstica d&#8217;1\u20ac per adult major de 16 anys i nit, no inclosa en el preu de la tarifa<\/span> *Es demana una fian\u00e7a de 100\u20ac per l&#8217;estada, que ser\u00e0 retornada a la sortida  <\/div>\n<\/div>\n<div class=\"_tp3sbt\">\n<div>\n<div class=\"_gt7myn\">\n<p class=\"hpipapi atm_7l_1kw7nm4 atm_c8_1x4eueo atm_cs_1kw7nm4 atm_g3_1kw7nm4 atm_gi_idpfg4 atm_l8_idpfg4 atm_kd_idpfg4_pfnrn2 dir dir-ltr\" tabindex=\"-1\"><span style=\"text-decoration: underline;\"><strong>N\u00famero de registre<\/strong><\/span><\/p>\n<\/div>\n<p><span class=\"lrl13de atm_kd_19r6f69_24z95b atm_kd_19r6f69_1xbvphn_1oszvuo dir dir-ltr\">HUTL-039104<\/span><\/p>\n<\/div>\n<\/div>\n","protected":false},"excerpt":{"rendered":"<p>L&#8217;apartament est\u00e0 format per: &#8211; 1 habitaci\u00f3 Suite amb llit doble (1,50 x 1,90cm) &#8211; 1 habitaci\u00f3 doble gran matrimonial amb balc\u00f3 &#8211; 1 habitaci\u00f3 doble amb llit de matrimoni (1,35x 1,90cm) &#8211; 2 banys.<br \/>\nUn amb banyera a la Suite i un altre amb dutxa &#8211; Cuina &#8211; Sal\u00f3 i menjador amb balc\u00f3 Aquest apartament est\u00e0 totalment equipat amb tovalloles, llen\u00e7ols, productes b\u00e0sics, xemeneia, calefacci\u00f3 central, wifi, tv, estris de cuina, microones, forn, fogons, rentaplats, rentadora-assecadora, torradora i cafetera.<br \/>\nA m\u00e9s, disposa d&#8217;ascensor i Parking (sota petici\u00f3).  <\/p>\n","protected":false},"featured_media":15863,"template":"","meta":{"_acf_changed":false,"_joinchat":[]},"product_brand":[],"product_cat":[58,60],"product_tag":[88],"class_list":{"0":"post-16805","1":"product","2":"type-product","3":"status-publish","4":"has-post-thumbnail","6":"product_cat-apartamentos-ca-2","7":"product_cat-pallars-sobira-ca-2","8":"product_tag-deluxeespot2","10":"first","11":"instock","12":"shipping-taxable","13":"product-type-simple"},"acf":[],"_links":{"self":[{"href":"https:\/\/lamfitriona.com\/ca\/wp-json\/wp\/v2\/product\/16805","targetHints":{"allow":["GET"]}}],"collection":[{"href":"https:\/\/lamfitriona.com\/ca\/wp-json\/wp\/v2\/product"}],"about":[{"href":"https:\/\/lamfitriona.com\/ca\/wp-json\/wp\/v2\/types\/product"}],"version-history":[{"count":0,"href":"https:\/\/lamfitriona.com\/ca\/wp-json\/wp\/v2\/product\/16805\/revisions"}],"wp:featuredmedia":[{"embeddable":true,"href":"https:\/\/lamfitriona.com\/ca\/wp-json\/wp\/v2\/media\/15863"}],"wp:attachment":[{"href":"https:\/\/lamfitriona.com\/ca\/wp-json\/wp\/v2\/media?parent=16805"}],"wp:term":[{"taxonomy":"product_brand","embeddable":true,"href":"https:\/\/lamfitriona.com\/ca\/wp-json\/wp\/v2\/product_brand?post=16805"},{"taxonomy":"product_cat","embeddable":true,"href":"https:\/\/lamfitriona.com\/ca\/wp-json\/wp\/v2\/product_cat?post=16805"},{"taxonomy":"product_tag","embeddable":true,"href":"https:\/\/lamfitriona.com\/ca\/wp-json\/wp\/v2\/product_tag?post=16805"}],"curies":[{"name":"wp","href":"https:\/\/api.w.org\/{rel}","templated":true}]}}