{"id":16806,"date":"2024-07-22T12:18:26","date_gmt":"2024-07-22T11:18:26","guid":{"rendered":"https:\/\/www.lamfitriona.com\/producto\/sense categoria\/apartament-del-camp-1\/"},"modified":"2024-07-22T12:18:26","modified_gmt":"2024-07-22T12:18:26","slug":"apartament-del-camp-1","status":"publish","type":"product","link":"https:\/\/lamfitriona.com\/ca\/producto\/apartamentos-ca-2\/apartament-del-camp-1\/","title":{"rendered":"Apartament del Camp 1"},"content":{"rendered":"<div class=\"_tp3sbt\">\n<div>\n<p><span class=\"lrl13de atm_kd_19r6f69_24z95b atm_kd_19r6f69_1xbvphn_1oszvuo dir dir-ltr\">Apartament c\u00e8ntric al pintoresc poble d&#8217; Esterri d&#8217; \u00c0neu.<br \/>\nPerfecte per venir en fam\u00edlia, amb amics o parella i gaudir d&#8217;aquesta zona plena d&#8217;activitats a realitzar com per exemple senderisme, r\u00e0fting, canoa, kayak, esqu\u00ed, o simplement desconnectar de la rutina. <\/span>  Els apartaments es troben propers al carrer major del poble, on poden trobar bars i restaurants, supermercats o botigues.  <\/div>\n<\/div>\n<div class=\"_tp3sbt\">\n<div>\n<div class=\"_gt7myn\">\n<p class=\"hpipapi atm_7l_1kw7nm4 atm_c8_1x4eueo atm_cs_1kw7nm4 atm_g3_1kw7nm4 atm_gi_idpfg4 atm_l8_idpfg4 atm_kd_idpfg4_pfnrn2 dir dir-ltr\" tabindex=\"-1\"><strong>L&#8217; espai<\/strong><\/p>\n<\/div>\n<p><span class=\"lrl13de atm_kd_19r6f69_24z95b atm_kd_19r6f69_1xbvphn_1oszvuo dir dir-ltr\">L&#8217;apartament est\u00e0 format per una habitaci\u00f3 matrimonial, una altra habitaci\u00f3 amb una llitera i un llit individual, menjador, cuina, bany complet amb dutxa.<br \/>\nApartament totalment equipat amb sabanes, tovalloles i estris de cuina. <\/span>  Disposem d&#8217;un altre apartament que est\u00e0 al costat d&#8217;aquest mateix, al mateix edifici i a la mateixa planta!  <\/div>\n<\/div>\n<div class=\"_tp3sbt\">\n<div>\n<div class=\"_gt7myn\">\n<p class=\"hpipapi atm_7l_1kw7nm4 atm_c8_1x4eueo atm_cs_1kw7nm4 atm_g3_1kw7nm4 atm_gi_idpfg4 atm_l8_idpfg4 atm_kd_idpfg4_pfnrn2 dir dir-ltr\" tabindex=\"-1\"><strong>Serveis i zones comunes<\/strong><\/p>\n<\/div>\n<p><span class=\"lrl13de atm_kd_19r6f69_24z95b atm_kd_19r6f69_1xbvphn_1oszvuo dir dir-ltr\">A menys d&#8217;1 minut hi ha un P\u00e0rquing P\u00fablic totalment gratu\u00eft per poder aparcar c\u00f2modament a prop de l&#8217;apartament!<\/span><\/p>\n<\/div>\n<\/div>\n<div class=\"_tp3sbt\">\n<div class=\"_gt7myn\">\n<p class=\"hpipapi atm_7l_1kw7nm4 atm_c8_1x4eueo atm_cs_1kw7nm4 atm_g3_1kw7nm4 atm_gi_idpfg4 atm_l8_idpfg4 atm_kd_idpfg4_pfnrn2 dir dir-ltr\" tabindex=\"-1\"><strong>Altres aspectes destacables<\/strong><\/p>\n<ul>\n<li class=\"hpipapi atm_7l_1kw7nm4 atm_c8_1x4eueo atm_cs_1kw7nm4 atm_g3_1kw7nm4 atm_gi_idpfg4 atm_l8_idpfg4 atm_kd_idpfg4_pfnrn2 dir dir-ltr\" tabindex=\"-1\">Taxa tur\u00edstica d&#8217; 1 \u20ac per adult major de 16 anys i nit, no inclosa en el preu de la tarifa<\/li>\n<li class=\"hpipapi atm_7l_1kw7nm4 atm_c8_1x4eueo atm_cs_1kw7nm4 atm_g3_1kw7nm4 atm_gi_idpfg4 atm_l8_idpfg4 atm_kd_idpfg4_pfnrn2 dir dir-ltr\" tabindex=\"-1\">No s&#8217;accepten mascotes<\/li>\n<li class=\"hpipapi atm_7l_1kw7nm4 atm_c8_1x4eueo atm_cs_1kw7nm4 atm_g3_1kw7nm4 atm_gi_idpfg4 atm_l8_idpfg4 atm_kd_idpfg4_pfnrn2 dir dir-ltr\" tabindex=\"-1\">No s&#8217; admeten festes<\/li>\n<li class=\"hpipapi atm_7l_1kw7nm4 atm_c8_1x4eueo atm_cs_1kw7nm4 atm_g3_1kw7nm4 atm_gi_idpfg4 atm_l8_idpfg4 atm_kd_idpfg4_pfnrn2 dir dir-ltr\" tabindex=\"-1\">Es demana una fian\u00e7a de 100\u20ac per l&#8217;estada, que ser\u00e0 retornada a la sortida<\/li>\n<\/ul>\n<\/div>\n<\/div>\n<div class=\"_tp3sbt\">\n<div>\n<div class=\"_gt7myn\">\n<p class=\"hpipapi atm_7l_1kw7nm4 atm_c8_1x4eueo atm_cs_1kw7nm4 atm_g3_1kw7nm4 atm_gi_idpfg4 atm_l8_idpfg4 atm_kd_idpfg4_pfnrn2 dir dir-ltr\" tabindex=\"-1\"><strong>N\u00famero de registre<\/strong><\/p>\n<\/div>\n<p><span class=\"lrl13de atm_kd_19r6f69_24z95b atm_kd_19r6f69_1xbvphn_1oszvuo dir dir-ltr\">HUTL-033226<\/span><\/p>\n<\/div>\n<\/div>\n","protected":false},"excerpt":{"rendered":"<p><span class=\"lrl13de atm_kd_19r6f69_24z95b atm_kd_19r6f69_1xbvphn_1oszvuo dir dir-ltr\">L&#8217;apartament est\u00e0 format per una habitaci\u00f3 matrimonial, una altra habitaci\u00f3 amb una llitera i un llit individual, menjador, cuina, bany complet amb dutxa.<br \/>\nApartament totalment equipat amb sabanes, tovalloles i estris de cuina. <\/span>  Disposem d&#8217;un altre apartament que est\u00e0 al costat d&#8217;aquest mateix, al mateix edifici i a la mateixa planta!<\/p>\n","protected":false},"featured_media":15649,"template":"","meta":{"_acf_changed":false,"_joinchat":[]},"product_brand":[],"product_cat":[58,60],"product_tag":[84],"class_list":{"0":"post-16806","1":"product","2":"type-product","3":"status-publish","4":"has-post-thumbnail","6":"product_cat-apartamentos-ca-2","7":"product_cat-pallars-sobira-ca-2","8":"product_tag-camp1","10":"first","11":"instock","12":"shipping-taxable","13":"product-type-simple"},"acf":[],"_links":{"self":[{"href":"https:\/\/lamfitriona.com\/ca\/wp-json\/wp\/v2\/product\/16806","targetHints":{"allow":["GET"]}}],"collection":[{"href":"https:\/\/lamfitriona.com\/ca\/wp-json\/wp\/v2\/product"}],"about":[{"href":"https:\/\/lamfitriona.com\/ca\/wp-json\/wp\/v2\/types\/product"}],"version-history":[{"count":0,"href":"https:\/\/lamfitriona.com\/ca\/wp-json\/wp\/v2\/product\/16806\/revisions"}],"wp:featuredmedia":[{"embeddable":true,"href":"https:\/\/lamfitriona.com\/ca\/wp-json\/wp\/v2\/media\/15649"}],"wp:attachment":[{"href":"https:\/\/lamfitriona.com\/ca\/wp-json\/wp\/v2\/media?parent=16806"}],"wp:term":[{"taxonomy":"product_brand","embeddable":true,"href":"https:\/\/lamfitriona.com\/ca\/wp-json\/wp\/v2\/product_brand?post=16806"},{"taxonomy":"product_cat","embeddable":true,"href":"https:\/\/lamfitriona.com\/ca\/wp-json\/wp\/v2\/product_cat?post=16806"},{"taxonomy":"product_tag","embeddable":true,"href":"https:\/\/lamfitriona.com\/ca\/wp-json\/wp\/v2\/product_tag?post=16806"}],"curies":[{"name":"wp","href":"https:\/\/api.w.org\/{rel}","templated":true}]}}