{"id":16807,"date":"2024-07-22T18:15:44","date_gmt":"2024-07-22T17:15:44","guid":{"rendered":"https:\/\/www.lamfitriona.com\/producto\/sense categoria\/can-florido\/"},"modified":"2024-07-22T18:15:44","modified_gmt":"2024-07-22T18:15:44","slug":"can-florido","status":"publish","type":"product","link":"https:\/\/lamfitriona.com\/ca\/producto\/casas-rurales-ca-2\/can-florido\/","title":{"rendered":"Can Florido"},"content":{"rendered":"<p>Preus xalet amb jard\u00ed i piscina, al centre de Sort.<br \/>\nLa casa caracteritzada per un estil modern \u00e9s molt espaiosa i totalment equipada.<br \/>\nPerfecta per venir en fam\u00edlia o amb amics i gaudir dels emblem\u00e0tics llocs de la zona.<br \/>\nA tan sols 15 minuts de la pista d&#8217;esqu\u00ed de Port Ain\u00e9 i a 30 minuts del Parc Nacional d&#8217;Aig\u00fcestortes i Estany de Sant Maurici!   <\/p>\n","protected":false},"excerpt":{"rendered":"<div class=\"_tp3sbt\">\n<div>\n<div class=\"_gt7myn\">\n<div class=\"_gt7myn\">\n<p class=\"hpipapi atm_7l_1kw7nm4 atm_c8_1x4eueo atm_cs_1kw7nm4 atm_g3_1kw7nm4 atm_gi_idpfg4 atm_l8_idpfg4 atm_kd_idpfg4_pfnrn2 dir dir-ltr\" tabindex=\"-1\"><span style=\"text-decoration: underline;\"><strong>Serveis i zones comunes<\/strong><\/span><\/p>\n<\/div>\n<p tabindex=\"-1\"><span class=\"lrl13de atm_kd_19r6f69_24z95b atm_kd_19r6f69_1xbvphn_1oszvuo dir dir-ltr\">* S&#8217;accepten mascotes.<br \/>\nComporta suplement *No s&#8217;admeten festes *Taxa tur\u00edstica d&#8217;1\u20ac per adult major de 16 anys i nit, no inclosa en el preu de la tarifa *Es demana una fian\u00e7a de 100\u20ac per l&#8217;estada, que ser\u00e0 retornada a la sortida <\/span><\/p>\n<p class=\"hpipapi atm_7l_1kw7nm4 atm_c8_1x4eueo atm_cs_1kw7nm4 atm_g3_1kw7nm4 atm_gi_idpfg4 atm_l8_idpfg4 atm_kd_idpfg4_pfnrn2 dir dir-ltr\" tabindex=\"-1\"><strong><span style=\"text-decoration: underline;\">Altres aspectes destacables<\/span><\/strong><\/p>\n<\/div>\n<p><span class=\"lrl13de atm_kd_19r6f69_24z95b atm_kd_19r6f69_1xbvphn_1oszvuo dir dir-ltr\">Atractius de la casa: &#8211; Piscina privada &#8211; Pati privat &#8211; Barbacoa al pati &#8211; Xemeneia interior &#8211; Aire condicionat a la part superior de la casa<\/span><\/div>\n<\/div>\n<div class=\"_tp3sbt\">\n<div>\n<div class=\"_gt7myn\">\n<p class=\"hpipapi atm_7l_1kw7nm4 atm_c8_1x4eueo atm_cs_1kw7nm4 atm_g3_1kw7nm4 atm_gi_idpfg4 atm_l8_idpfg4 atm_kd_idpfg4_pfnrn2 dir dir-ltr\" tabindex=\"-1\"><span style=\"text-decoration: underline;\"><strong>N\u00famero de registre<\/strong><\/span><\/p>\n<\/div>\n<p><span class=\"lrl13de atm_kd_19r6f69_24z95b atm_kd_19r6f69_1xbvphn_1oszvuo dir dir-ltr\">HUTL-066091<\/span><\/div>\n<\/div>\n","protected":false},"featured_media":15908,"template":"","meta":{"_acf_changed":false,"_joinchat":[]},"product_brand":[],"product_cat":[59,60],"product_tag":[93],"class_list":{"0":"post-16807","1":"product","2":"type-product","3":"status-publish","4":"has-post-thumbnail","6":"product_cat-casas-rurales-ca-2","7":"product_cat-pallars-sobira-ca-2","8":"product_tag-florido","10":"first","11":"instock","12":"shipping-taxable","13":"product-type-simple"},"acf":[],"_links":{"self":[{"href":"https:\/\/lamfitriona.com\/ca\/wp-json\/wp\/v2\/product\/16807","targetHints":{"allow":["GET"]}}],"collection":[{"href":"https:\/\/lamfitriona.com\/ca\/wp-json\/wp\/v2\/product"}],"about":[{"href":"https:\/\/lamfitriona.com\/ca\/wp-json\/wp\/v2\/types\/product"}],"version-history":[{"count":0,"href":"https:\/\/lamfitriona.com\/ca\/wp-json\/wp\/v2\/product\/16807\/revisions"}],"wp:featuredmedia":[{"embeddable":true,"href":"https:\/\/lamfitriona.com\/ca\/wp-json\/wp\/v2\/media\/15908"}],"wp:attachment":[{"href":"https:\/\/lamfitriona.com\/ca\/wp-json\/wp\/v2\/media?parent=16807"}],"wp:term":[{"taxonomy":"product_brand","embeddable":true,"href":"https:\/\/lamfitriona.com\/ca\/wp-json\/wp\/v2\/product_brand?post=16807"},{"taxonomy":"product_cat","embeddable":true,"href":"https:\/\/lamfitriona.com\/ca\/wp-json\/wp\/v2\/product_cat?post=16807"},{"taxonomy":"product_tag","embeddable":true,"href":"https:\/\/lamfitriona.com\/ca\/wp-json\/wp\/v2\/product_tag?post=16807"}],"curies":[{"name":"wp","href":"https:\/\/api.w.org\/{rel}","templated":true}]}}