{"id":16808,"date":"2024-07-22T15:47:31","date_gmt":"2024-07-22T14:47:31","guid":{"rendered":"https:\/\/www.lamfitriona.com\/producto\/sense categoria\/apartament-del-camp-2\/"},"modified":"2024-07-22T15:47:31","modified_gmt":"2024-07-22T15:47:31","slug":"apartament-del-camp-2","status":"publish","type":"product","link":"https:\/\/lamfitriona.com\/ca\/producto\/apartamentos-ca-2\/apartament-del-camp-2\/","title":{"rendered":"Apartament del Camp 2"},"content":{"rendered":"<p>Apartament c\u00e8ntric al pintoresc poble d&#8217; Esterri d&#8217; \u00c0neu.<br \/>\nPerfecte per venir en fam\u00edlia, amb amics o parella i gaudir d&#8217;aquesta zona plena d&#8217;activitats a realitzar com per exemple senderisme, r\u00e0fting, canoa, kayak, esqu\u00ed, o simplement desconnectar de la rutina.<br \/>\nEls apartaments es troben propers al carrer major del poble, on poden trobar bars i restaurants, supermercats o botigues.    <\/p>\n<div class=\"_tp3sbt\">\n<div>\n<div class=\"_gt7myn\">\n<p class=\"hpipapi atm_7l_1kw7nm4 atm_c8_1x4eueo atm_cs_1kw7nm4 atm_g3_1kw7nm4 atm_gi_idpfg4 atm_l8_idpfg4 atm_kd_idpfg4_pfnrn2 dir dir-ltr\" tabindex=\"-1\"><span style=\"text-decoration: underline;\"><strong>Serveis i zones comunes<\/strong><\/span><\/p>\n<\/div>\n<p><span class=\"lrl13de atm_kd_19r6f69_24z95b atm_kd_19r6f69_1xbvphn_1oszvuo dir dir-ltr\">A menys d&#8217;1 minut hi ha un P\u00e0rquing P\u00fablic totalment gratu\u00eft per poder aparcar c\u00f2modament a prop de l&#8217;apartament!<\/span><\/p>\n<\/div>\n<\/div>\n<div class=\"_tp3sbt\">\n<div>\n<div class=\"_gt7myn\">\n<p class=\"hpipapi atm_7l_1kw7nm4 atm_c8_1x4eueo atm_cs_1kw7nm4 atm_g3_1kw7nm4 atm_gi_idpfg4 atm_l8_idpfg4 atm_kd_idpfg4_pfnrn2 dir dir-ltr\" tabindex=\"-1\"><span style=\"text-decoration: underline;\"><strong>Altres aspectes destacables<\/strong><\/span><\/p>\n<\/div>\n<p><span class=\"lrl13de atm_kd_19r6f69_24z95b atm_kd_19r6f69_1xbvphn_1oszvuo dir dir-ltr\">*Taxa tur\u00edstica d&#8217;1\u20ac per adult major de 16 anys i nit, no inclosa en el preu de la tarifa *No s&#8217;accepten mascotes *No s&#8217;admeten festes<\/span> *Es demana una fian\u00e7a de 100\u20ac per l&#8217;estada, que ser\u00e0 retornada a la sortida  <\/div>\n<\/div>\n","protected":false},"excerpt":{"rendered":"<p>L&#8217;apartament est\u00e0 format per una habitaci\u00f3 matrimonial, una altra habitaci\u00f3 amb dos llits individuals, menjador, cuina, bany complet amb dutxa.<br \/>\nApartament totalment equipat amb sabanes, tovalloles i estris de cuina.<br \/>\nDisposem d&#8217;un altre apartament que est\u00e0 al costat d&#8217;aquest mateix, al mateix edifici i a la mateixa planta!  <\/p>\n","protected":false},"featured_media":15698,"template":"","meta":{"_acf_changed":false,"_joinchat":[]},"product_brand":[],"product_cat":[58,60],"product_tag":[85],"class_list":{"0":"post-16808","1":"product","2":"type-product","3":"status-publish","4":"has-post-thumbnail","6":"product_cat-apartamentos-ca-2","7":"product_cat-pallars-sobira-ca-2","8":"product_tag-camp2","10":"first","11":"instock","12":"shipping-taxable","13":"product-type-simple"},"acf":[],"_links":{"self":[{"href":"https:\/\/lamfitriona.com\/ca\/wp-json\/wp\/v2\/product\/16808","targetHints":{"allow":["GET"]}}],"collection":[{"href":"https:\/\/lamfitriona.com\/ca\/wp-json\/wp\/v2\/product"}],"about":[{"href":"https:\/\/lamfitriona.com\/ca\/wp-json\/wp\/v2\/types\/product"}],"version-history":[{"count":0,"href":"https:\/\/lamfitriona.com\/ca\/wp-json\/wp\/v2\/product\/16808\/revisions"}],"wp:featuredmedia":[{"embeddable":true,"href":"https:\/\/lamfitriona.com\/ca\/wp-json\/wp\/v2\/media\/15698"}],"wp:attachment":[{"href":"https:\/\/lamfitriona.com\/ca\/wp-json\/wp\/v2\/media?parent=16808"}],"wp:term":[{"taxonomy":"product_brand","embeddable":true,"href":"https:\/\/lamfitriona.com\/ca\/wp-json\/wp\/v2\/product_brand?post=16808"},{"taxonomy":"product_cat","embeddable":true,"href":"https:\/\/lamfitriona.com\/ca\/wp-json\/wp\/v2\/product_cat?post=16808"},{"taxonomy":"product_tag","embeddable":true,"href":"https:\/\/lamfitriona.com\/ca\/wp-json\/wp\/v2\/product_tag?post=16808"}],"curies":[{"name":"wp","href":"https:\/\/api.w.org\/{rel}","templated":true}]}}