{"id":16810,"date":"2024-07-22T16:31:51","date_gmt":"2024-07-22T15:31:51","guid":{"rendered":"https:\/\/www.lamfitriona.com\/producto\/sense categoria\/borda-faisa\/"},"modified":"2024-07-22T16:31:51","modified_gmt":"2024-07-22T16:31:51","slug":"borda-faisa","status":"publish","type":"product","link":"https:\/\/lamfitriona.com\/ca\/producto\/casas-rurales-ca-2\/borda-faisa\/","title":{"rendered":"Borda Fais\u00e0"},"content":{"rendered":"<p>Casa tipus Alberg, amb vistes incre\u00efbles a Sort i a la muntanya.<br \/>\nPerfecte per a una fam\u00edlia gran o grup d&#8217;amics perfecta per a aquelles persones que vulguin venir i gaudir de les activitats que ofereix aquesta zona tan bonica del Pirineu Catal\u00e0, com per exemple: senderisme pel Parc Natural de l&#8217;Alt Pirineu o Nacional d&#8217;Aig\u00fcestortes, r\u00e0fting, kayak, esqu\u00ed, equitaci\u00f3, etc.   <\/p>\n<div class=\"_tp3sbt\">\n<div>\n<div class=\"_gt7myn\">\n<p class=\"hpipapi atm_7l_1kw7nm4 atm_c8_1x4eueo atm_cs_1kw7nm4 atm_g3_1kw7nm4 atm_gi_idpfg4 atm_l8_idpfg4 atm_kd_idpfg4_pfnrn2 dir dir-ltr\" tabindex=\"-1\"><span style=\"text-decoration: underline;\"><strong>Serveis i zones comunes<\/strong><\/span><\/p>\n<\/div>\n<p><span class=\"lrl13de atm_kd_19r6f69_24z95b atm_kd_19r6f69_1xbvphn_1oszvuo dir dir-ltr\">El m\u00e9s atractiu de la casa: &#8211; VISTES a la muntanya i a Sort &#8211; Terrassa amb barbacoa &#8211; Jard\u00ed privat &#8211; Xemeneia interior &#8211; Lloc per aparcar davant de la casa<\/span><\/div>\n<\/div>\n<div class=\"_tp3sbt\">\n<div>\n<div class=\"_gt7myn\">\n<p class=\"hpipapi atm_7l_1kw7nm4 atm_c8_1x4eueo atm_cs_1kw7nm4 atm_g3_1kw7nm4 atm_gi_idpfg4 atm_l8_idpfg4 atm_kd_idpfg4_pfnrn2 dir dir-ltr\" tabindex=\"-1\"><span style=\"text-decoration: underline;\"><strong>Altres aspectes destacables<\/strong><\/span><\/p>\n<\/div>\n<p><span class=\"lrl13de atm_kd_19r6f69_24z95b atm_kd_19r6f69_1xbvphn_1oszvuo dir dir-ltr\">*Taxa tur\u00edstica d&#8217;1\u20ac per persona major de 16 anys i nit *S&#8217;accepten mascotes.<br \/>\nComporta un petit suplement *No s&#8217;admeten festes *Es cobra una fian\u00e7a de 100\u20ac que ser\u00e0 retornada a la sortida <\/span><\/div>\n<\/div>\n<div class=\"_tp3sbt\">\n<div>\n<div class=\"_gt7myn\">\n<p class=\"hpipapi atm_7l_1kw7nm4 atm_c8_1x4eueo atm_cs_1kw7nm4 atm_g3_1kw7nm4 atm_gi_idpfg4 atm_l8_idpfg4 atm_kd_idpfg4_pfnrn2 dir dir-ltr\" tabindex=\"-1\"><span style=\"text-decoration: underline;\"><strong>N\u00famero de registre<\/strong><\/span><\/p>\n<\/div>\n<p><span class=\"lrl13de atm_kd_19r6f69_24z95b atm_kd_19r6f69_1xbvphn_1oszvuo dir dir-ltr\">HUTL-066129<\/span><\/div>\n<\/div>\n","protected":false},"excerpt":{"rendered":"<p>Es tracta d&#8217;un part de la casa, adaptada i totalment privada amb incre\u00efbles vistes a la muntanya i al poble de Sort, envoltada de natura.<br \/>\nLa casa est\u00e0 formada per una habitaci\u00f3 gran que consisteix de: 3 llits matrimonials i 4 individuals en llitera.<br \/>\nA banda, disposa d&#8217;un gran sal\u00f3 amb cuina i xemeneia, un bany complet i terrassa amb barbacoa i jard\u00ed privat.<br \/>\nAquesta part de la casa no es comparteix amb ning\u00fa.<br \/>\n\u00c9s totalment privada!    <\/p>\n","protected":false},"featured_media":15740,"template":"","meta":{"_acf_changed":false,"_joinchat":[]},"product_brand":[],"product_cat":[59,60],"product_tag":[94],"class_list":{"0":"post-16810","1":"product","2":"type-product","3":"status-publish","4":"has-post-thumbnail","6":"product_cat-casas-rurales-ca-2","7":"product_cat-pallars-sobira-ca-2","8":"product_tag-faisa","10":"first","11":"instock","12":"shipping-taxable","13":"product-type-simple"},"acf":[],"_links":{"self":[{"href":"https:\/\/lamfitriona.com\/ca\/wp-json\/wp\/v2\/product\/16810","targetHints":{"allow":["GET"]}}],"collection":[{"href":"https:\/\/lamfitriona.com\/ca\/wp-json\/wp\/v2\/product"}],"about":[{"href":"https:\/\/lamfitriona.com\/ca\/wp-json\/wp\/v2\/types\/product"}],"version-history":[{"count":0,"href":"https:\/\/lamfitriona.com\/ca\/wp-json\/wp\/v2\/product\/16810\/revisions"}],"wp:featuredmedia":[{"embeddable":true,"href":"https:\/\/lamfitriona.com\/ca\/wp-json\/wp\/v2\/media\/15740"}],"wp:attachment":[{"href":"https:\/\/lamfitriona.com\/ca\/wp-json\/wp\/v2\/media?parent=16810"}],"wp:term":[{"taxonomy":"product_brand","embeddable":true,"href":"https:\/\/lamfitriona.com\/ca\/wp-json\/wp\/v2\/product_brand?post=16810"},{"taxonomy":"product_cat","embeddable":true,"href":"https:\/\/lamfitriona.com\/ca\/wp-json\/wp\/v2\/product_cat?post=16810"},{"taxonomy":"product_tag","embeddable":true,"href":"https:\/\/lamfitriona.com\/ca\/wp-json\/wp\/v2\/product_tag?post=16810"}],"curies":[{"name":"wp","href":"https:\/\/api.w.org\/{rel}","templated":true}]}}