{"id":16814,"date":"2024-07-22T17:32:33","date_gmt":"2024-07-22T16:32:33","guid":{"rendered":"https:\/\/www.lamfitriona.com\/producto\/sense categoria\/duplex-el-torrent\/"},"modified":"2024-07-22T17:32:33","modified_gmt":"2024-07-22T17:32:33","slug":"duplex-el-torrent","status":"publish","type":"product","link":"https:\/\/lamfitriona.com\/ca\/producto\/apartamentos-ca-2\/duplex-el-torrent\/","title":{"rendered":"D\u00faplex el Torrent"},"content":{"rendered":"<p>Apartament a la zona alta de Sort, proper als punts d&#8217; inter\u00e8s i serveis del poble.<br \/>\nPerfecte per a una fam\u00edlia o grups d&#8217;amics que vulguin venir i gaudir de la zona.<br \/>\nA tan sols 15 minuts de la pista d&#8217;esqu\u00ed de Port Ain\u00e9, a 10 minuts de la Vall d&#8217;\u00c0ssua i a 30 minuts del Parc Nacional d&#8217;Aig\u00fcestortes i Estany de Sant Maurici.<br \/>\nDisposa de la ubicaci\u00f3 perfecta per realitzar diverses activitats com: senderisme, esqu\u00ed, r\u00e0fting, kayak, equitaci\u00f3, etc     <\/p>\n<div class=\"_tp3sbt\">\n<div>\n<div class=\"_gt7myn\">\n<p class=\"hpipapi atm_7l_1kw7nm4 atm_c8_1x4eueo atm_cs_1kw7nm4 atm_g3_1kw7nm4 atm_gi_idpfg4 atm_l8_idpfg4 atm_kd_idpfg4_pfnrn2 dir dir-ltr\" tabindex=\"-1\"><span style=\"text-decoration: underline;\"><strong>Altres aspectes destacables<\/strong><\/span><\/p>\n<\/div>\n<p><span class=\"lrl13de atm_kd_19r6f69_24z95b atm_kd_19r6f69_1xbvphn_1oszvuo dir dir-ltr\">*Taxa tur\u00edstica d&#8217;1\u20ac per adult major de 16 anys i nit no inclosa *S&#8217;admeten mascotes.<br \/>\nPot comportar un petit suplement *No s&#8217;admeten festes *A l&#8217;entrada s&#8217;ha d&#8217;abonar una fian\u00e7a de 100\u20ac que es retornar\u00e0 a la sortida <\/span><\/div>\n<\/div>\n<div class=\"_tp3sbt\">\n<div>\n<div class=\"_gt7myn\">\n<p class=\"hpipapi atm_7l_1kw7nm4 atm_c8_1x4eueo atm_cs_1kw7nm4 atm_g3_1kw7nm4 atm_gi_idpfg4 atm_l8_idpfg4 atm_kd_idpfg4_pfnrn2 dir dir-ltr\" tabindex=\"-1\"><span style=\"text-decoration: underline;\"><strong>N\u00famero de registre<\/strong><\/span><\/p>\n<\/div>\n<p><span class=\"lrl13de atm_kd_19r6f69_24z95b atm_kd_19r6f69_1xbvphn_1oszvuo dir dir-ltr\">HUTL-066129<\/span><\/div>\n<\/div>\n","protected":false},"excerpt":{"rendered":"<p>Apartament format per dues habitacions matrimonials i una habitaci\u00f3 amb dos llits individuals.<br \/>\nA banda, disposa de 2 banys complets, menjador, cuina i pla\u00e7a de p\u00e0rquing privada al mateix edifici. <\/p>\n","protected":false},"featured_media":15834,"template":"","meta":{"_acf_changed":false,"_joinchat":[]},"product_brand":[],"product_cat":[58,60],"product_tag":[87],"class_list":{"0":"post-16814","1":"product","2":"type-product","3":"status-publish","4":"has-post-thumbnail","6":"product_cat-apartamentos-ca-2","7":"product_cat-pallars-sobira-ca-2","8":"product_tag-torrent","10":"first","11":"instock","12":"shipping-taxable","13":"product-type-simple"},"acf":[],"_links":{"self":[{"href":"https:\/\/lamfitriona.com\/ca\/wp-json\/wp\/v2\/product\/16814","targetHints":{"allow":["GET"]}}],"collection":[{"href":"https:\/\/lamfitriona.com\/ca\/wp-json\/wp\/v2\/product"}],"about":[{"href":"https:\/\/lamfitriona.com\/ca\/wp-json\/wp\/v2\/types\/product"}],"version-history":[{"count":0,"href":"https:\/\/lamfitriona.com\/ca\/wp-json\/wp\/v2\/product\/16814\/revisions"}],"wp:featuredmedia":[{"embeddable":true,"href":"https:\/\/lamfitriona.com\/ca\/wp-json\/wp\/v2\/media\/15834"}],"wp:attachment":[{"href":"https:\/\/lamfitriona.com\/ca\/wp-json\/wp\/v2\/media?parent=16814"}],"wp:term":[{"taxonomy":"product_brand","embeddable":true,"href":"https:\/\/lamfitriona.com\/ca\/wp-json\/wp\/v2\/product_brand?post=16814"},{"taxonomy":"product_cat","embeddable":true,"href":"https:\/\/lamfitriona.com\/ca\/wp-json\/wp\/v2\/product_cat?post=16814"},{"taxonomy":"product_tag","embeddable":true,"href":"https:\/\/lamfitriona.com\/ca\/wp-json\/wp\/v2\/product_tag?post=16814"}],"curies":[{"name":"wp","href":"https:\/\/api.w.org\/{rel}","templated":true}]}}