{"id":7153,"date":"2023-01-25T14:33:22","date_gmt":"2023-01-25T14:33:22","guid":{"rendered":"https:\/\/www.lamfitriona.com\/producto\/sense%20categoria\/apartament-la-gisca\/"},"modified":"2024-09-04T17:53:00","modified_gmt":"2024-09-04T17:53:00","slug":"apartament-la-gisca","status":"publish","type":"product","link":"https:\/\/lamfitriona.com\/ca\/producto\/apartamentos-ca-2\/apartament-la-gisca\/","title":{"rendered":"Apartament La Gisca"},"content":{"rendered":"<p>Bonic apartament a Val\u00e8ncia d&#8217;\u00c0neu, perfecte per passar uns dies gaudint de la natura, en fam\u00edlia, amb amics o en parella.<br \/>\nProp dels llocs m\u00e9s importants de la zona!<br \/>\nAquest apartament amb un estil modern est\u00e0 en ple centre del poble amb boniques vistes a les muntanyes.<br \/>\nTotalment equipat amb el necessari per fer de la seva estada una bonica experi\u00e8ncia.<br \/>\nEls hostes disposaran d&#8217;una pla\u00e7a de p\u00e0rquing dins del mateix edifici i tamb\u00e9 d&#8217;un traster per guardar esqu\u00eds , botes, bicicletes, etc.      <\/p>\n<ul>\n<li>Taxa tur\u00edstica d&#8217; 1 \u20ac per adult i nit no inclosa en el preu de l&#8217; estada<\/li>\n<li>S&#8217;accepten mascotes. Pot comportar suplement<\/li>\n<li>No apte per a festes<\/li>\n<li>Fian\u00e7a de 100 \u20ac a l&#8217; entrada.<br \/>\nEs retorna en la seva totalitat a la sortida. <\/li>\n<\/ul>\n","protected":false},"excerpt":{"rendered":"<p>Les dues habitacions de qu\u00e8 disposa l&#8217; apartament s\u00f3n de matrimoni.<br \/>\nA banda t\u00e9 menjador amb balc\u00f3 (vistes espectaculars) , bany i una cuina equipada amb tot el necessari com: vitroceramica, forn el\u00e8ctric, microones, nevera, cafetera, feridor d&#8217;aigua i estris per cuinar. <\/p>\n","protected":false},"featured_media":5949,"template":"","meta":{"_acf_changed":false,"_joinchat":[]},"product_brand":[],"product_cat":[58,60],"product_tag":[77],"class_list":{"0":"post-7153","1":"product","2":"type-product","3":"status-publish","4":"has-post-thumbnail","6":"product_cat-apartamentos-ca-2","7":"product_cat-pallars-sobira-ca-2","8":"product_tag-la-gisca","10":"first","11":"instock","12":"featured","13":"virtual","14":"product-type-simple"},"acf":[],"_links":{"self":[{"href":"https:\/\/lamfitriona.com\/ca\/wp-json\/wp\/v2\/product\/7153","targetHints":{"allow":["GET"]}}],"collection":[{"href":"https:\/\/lamfitriona.com\/ca\/wp-json\/wp\/v2\/product"}],"about":[{"href":"https:\/\/lamfitriona.com\/ca\/wp-json\/wp\/v2\/types\/product"}],"version-history":[{"count":1,"href":"https:\/\/lamfitriona.com\/ca\/wp-json\/wp\/v2\/product\/7153\/revisions"}],"predecessor-version":[{"id":7154,"href":"https:\/\/lamfitriona.com\/ca\/wp-json\/wp\/v2\/product\/7153\/revisions\/7154"}],"wp:featuredmedia":[{"embeddable":true,"href":"https:\/\/lamfitriona.com\/ca\/wp-json\/wp\/v2\/media\/5949"}],"wp:attachment":[{"href":"https:\/\/lamfitriona.com\/ca\/wp-json\/wp\/v2\/media?parent=7153"}],"wp:term":[{"taxonomy":"product_brand","embeddable":true,"href":"https:\/\/lamfitriona.com\/ca\/wp-json\/wp\/v2\/product_brand?post=7153"},{"taxonomy":"product_cat","embeddable":true,"href":"https:\/\/lamfitriona.com\/ca\/wp-json\/wp\/v2\/product_cat?post=7153"},{"taxonomy":"product_tag","embeddable":true,"href":"https:\/\/lamfitriona.com\/ca\/wp-json\/wp\/v2\/product_tag?post=7153"}],"curies":[{"name":"wp","href":"https:\/\/api.w.org\/{rel}","templated":true}]}}