{"id":7177,"date":"2023-01-24T14:09:51","date_gmt":"2023-01-24T13:09:51","guid":{"rendered":"https:\/\/www.lamfitriona.com\/producto\/sense%20categoria\/apartament-areny-gran\/"},"modified":"2024-09-04T17:52:58","modified_gmt":"2024-09-04T17:52:58","slug":"apartament-areny-gran","status":"publish","type":"product","link":"https:\/\/lamfitriona.com\/ca\/producto\/apartamentos-ca-2\/apartament-areny-gran\/","title":{"rendered":"Apartament Areny Gran"},"content":{"rendered":"<p>Els Apartaments Areny estan pensats per oferir la major comoditat als seus hostes.<br \/>\nAmb unes incre\u00efbles vistes al riu i ubicats al centre d&#8217;Esterri d&#8217;\u00c0neu, li ofereixen a la seva estada un relaxant ambient, a banda de la rodalia als llocs m\u00e9s importants del poble i dels voltants.<br \/>\nPerfectes per a uns dies en fam\u00edlia, parella o amics.    &nbsp;<\/p>\n<ul>\n<li>No s&#8217;accepten mascotes<\/li>\n<li>No s&#8217; admeten festes<\/li>\n<li>Taxa tur\u00edstica d&#8217; 1,1 \u20ac per adult major de 16 anys i nit, no inclosa en la tarifa de l&#8217; estada<\/li>\n<\/ul>\n<p>&nbsp;<\/p>\n<p>&nbsp;<\/p>\n","protected":false},"excerpt":{"rendered":"<p>L&#8217;Areny Gran est\u00e0 format per dues habitacions amb llits matrimonials i un sof\u00e0 llit.<br \/>\nA banda el bany, menjador i cuina.<br \/>\nEls dos apartaments tenen en com\u00fa un menjador gran que es pot compartir i la bugaderia.<br \/>\nInclou la roba de llit i tovalloles   <\/p>\n","protected":false},"featured_media":5838,"template":"","meta":{"_acf_changed":false,"_joinchat":[]},"product_brand":[],"product_cat":[58,60],"product_tag":[75],"class_list":{"0":"post-7177","1":"product","2":"type-product","3":"status-publish","4":"has-post-thumbnail","6":"product_cat-apartamentos-ca-2","7":"product_cat-pallars-sobira-ca-2","8":"product_tag-areny-gran","10":"first","11":"instock","12":"featured","13":"virtual","14":"product-type-simple"},"acf":[],"_links":{"self":[{"href":"https:\/\/lamfitriona.com\/ca\/wp-json\/wp\/v2\/product\/7177","targetHints":{"allow":["GET"]}}],"collection":[{"href":"https:\/\/lamfitriona.com\/ca\/wp-json\/wp\/v2\/product"}],"about":[{"href":"https:\/\/lamfitriona.com\/ca\/wp-json\/wp\/v2\/types\/product"}],"version-history":[{"count":1,"href":"https:\/\/lamfitriona.com\/ca\/wp-json\/wp\/v2\/product\/7177\/revisions"}],"predecessor-version":[{"id":10076,"href":"https:\/\/lamfitriona.com\/ca\/wp-json\/wp\/v2\/product\/7177\/revisions\/10076"}],"wp:featuredmedia":[{"embeddable":true,"href":"https:\/\/lamfitriona.com\/ca\/wp-json\/wp\/v2\/media\/5838"}],"wp:attachment":[{"href":"https:\/\/lamfitriona.com\/ca\/wp-json\/wp\/v2\/media?parent=7177"}],"wp:term":[{"taxonomy":"product_brand","embeddable":true,"href":"https:\/\/lamfitriona.com\/ca\/wp-json\/wp\/v2\/product_brand?post=7177"},{"taxonomy":"product_cat","embeddable":true,"href":"https:\/\/lamfitriona.com\/ca\/wp-json\/wp\/v2\/product_cat?post=7177"},{"taxonomy":"product_tag","embeddable":true,"href":"https:\/\/lamfitriona.com\/ca\/wp-json\/wp\/v2\/product_tag?post=7177"}],"curies":[{"name":"wp","href":"https:\/\/api.w.org\/{rel}","templated":true}]}}