{"id":7187,"date":"2022-02-22T04:45:42","date_gmt":"2022-02-22T03:45:42","guid":{"rendered":"https:\/\/www.lamfitriona.com\/producto\/sense%20categoria\/paller-de-bordale\/"},"modified":"2024-09-04T17:52:53","modified_gmt":"2024-09-04T17:52:53","slug":"paller-de-bordale","status":"publish","type":"product","link":"https:\/\/lamfitriona.com\/ca\/producto\/casas-rurales-ca-2\/paller-de-bordale\/","title":{"rendered":"Paller de Bordal\u00e9"},"content":{"rendered":"<p>\u00a1\u00a1Preciosa casa amb unes vistes incre\u00efbles a la vall!!<br \/>\nUbicada en un poble tranquil, aquesta casa \u00e9s la combinaci\u00f3 perfecta d&#8217;un espai modern ubicat en un entorn rural.<br \/>\nNom\u00e9s renovada, \u00e0mplia i amb unes vistes ensopides, \u00e9s perfecta per a un grup d&#8217;amics, fam\u00edlies o parelles, que vulguin venir a gaudir de les nombroses activitats que ofereix aquesta part del Pirineu Catal\u00e0 com: senderisme, esqu\u00ed, r\u00e0fting, kayak, canoa, ciclisme, etc.    &nbsp;  La casa est\u00e0 totalment equipada.<br \/>\nDisposa de 3 habitacions matrimonials, una d&#8217;elles a Suite amb bany propi i una altra habitaci\u00f3 amb 2 lliteres.<br \/>\nPerqu\u00e8 hi puguin cabre 11 persones n&#8217;hem d&#8217;afegir una de suplet\u00f2ria.<br \/>\nA banda, compta amb una cuina i sal\u00f3 grans, terrassa i un espai de treball.<br \/>\nLa casa es troba a 20 km de Port Ain\u00e9, a 5 km de Sort i a 35 km del Parc Nacional d&#8217; Aig\u00fcestortes i Estany de Sant Maurici.      <\/p>\n<ul>\n<li>Taxa tur\u00edstica d&#8217; 1 \u20ac per persona major de 16 anys i nit no inclosa<\/li>\n<li>No s&#8217;admeten mascotes<\/li>\n<li>No s&#8217; admeten festes<\/li>\n<li>A l&#8217;entrada es demana una fian\u00e7a de 100\u20ac que ser\u00e0 retornada a la sortida<\/li>\n<\/ul>\n","protected":false},"excerpt":{"rendered":"<p>Disposa de 3 habitacions matrimonials, una d&#8217;elles a Suite amb bany propi i una altra habitaci\u00f3 amb 2 lliteres.<\/p>\n","protected":false},"featured_media":5760,"template":"","meta":{"_acf_changed":false,"_joinchat":[]},"product_brand":[],"product_cat":[59,60],"product_tag":[91],"class_list":{"0":"post-7187","1":"product","2":"type-product","3":"status-publish","4":"has-post-thumbnail","6":"product_cat-casas-rurales-ca-2","7":"product_cat-pallars-sobira-ca-2","8":"product_tag-bordale","10":"first","11":"instock","12":"featured","13":"virtual","14":"product-type-simple"},"acf":[],"_links":{"self":[{"href":"https:\/\/lamfitriona.com\/ca\/wp-json\/wp\/v2\/product\/7187","targetHints":{"allow":["GET"]}}],"collection":[{"href":"https:\/\/lamfitriona.com\/ca\/wp-json\/wp\/v2\/product"}],"about":[{"href":"https:\/\/lamfitriona.com\/ca\/wp-json\/wp\/v2\/types\/product"}],"version-history":[{"count":1,"href":"https:\/\/lamfitriona.com\/ca\/wp-json\/wp\/v2\/product\/7187\/revisions"}],"predecessor-version":[{"id":7190,"href":"https:\/\/lamfitriona.com\/ca\/wp-json\/wp\/v2\/product\/7187\/revisions\/7190"}],"wp:featuredmedia":[{"embeddable":true,"href":"https:\/\/lamfitriona.com\/ca\/wp-json\/wp\/v2\/media\/5760"}],"wp:attachment":[{"href":"https:\/\/lamfitriona.com\/ca\/wp-json\/wp\/v2\/media?parent=7187"}],"wp:term":[{"taxonomy":"product_brand","embeddable":true,"href":"https:\/\/lamfitriona.com\/ca\/wp-json\/wp\/v2\/product_brand?post=7187"},{"taxonomy":"product_cat","embeddable":true,"href":"https:\/\/lamfitriona.com\/ca\/wp-json\/wp\/v2\/product_cat?post=7187"},{"taxonomy":"product_tag","embeddable":true,"href":"https:\/\/lamfitriona.com\/ca\/wp-json\/wp\/v2\/product_tag?post=7187"}],"curies":[{"name":"wp","href":"https:\/\/api.w.org\/{rel}","templated":true}]}}