{"id":7192,"date":"2022-02-22T04:32:10","date_gmt":"2022-02-22T03:32:10","guid":{"rendered":"https:\/\/www.lamfitriona.com\/producto\/sense%20categoria\/el-duplex-de-espot\/"},"modified":"2024-09-04T17:52:52","modified_gmt":"2024-09-04T17:52:52","slug":"el-duplex-de-espot","status":"publish","type":"product","link":"https:\/\/lamfitriona.com\/ca\/producto\/apartamentos-ca-2\/el-duplex-de-espot\/","title":{"rendered":"El D\u00faplex d&#8217;Espot"},"content":{"rendered":"<p>Apartament d\u00faplex ubicat al preci\u00f3s poble d&#8217; Espot.<br \/>\nConsta de totes les comoditats i est\u00e0 completament equipat.<br \/>\nLa seva ubicaci\u00f3 c\u00e8ntrica i propera a les pistes d&#8217; esqu\u00ed d&#8217; Espot Esqu\u00ed i del Parc Nacional d&#8217; Aig\u00fcestortes i Estany de Sant Maurici, faran de la seva estada una espectacular experi\u00e8ncia gaudint aix\u00ed de l&#8217; entorn i de les activitats que aquest ofereix.    &nbsp;<\/p>\n<ul>\n<li>No s&#8217;accepten mascotes<\/li>\n<li>Es demana una fian\u00e7a de 100\u20ac per l&#8217;estada, que ser\u00e0 retornada a la sortida<\/li>\n<li>No s&#8217; admeten festes<\/li>\n<li>Taxa tur\u00edstica d&#8217; 1 \u20ac per adult major de 16 anys i nit, no inclosa en el preu de la tarifa<\/li>\n<\/ul>\n","protected":false},"excerpt":{"rendered":"<p>L&#8217;apartament est\u00e0 format per una habitaci\u00f3 a Suite amb bany propi, una habitaci\u00f3 amb dos llits individuals i una altra amb 2 lliteres, cadascuna amb els seus respectius banys.<br \/>\nA banda la cuina, el menjador i 3 balcons, que ofereixen unes vistes espectaculars. <\/p>\n","protected":false},"featured_media":5714,"template":"","meta":{"_acf_changed":false,"_joinchat":[]},"product_brand":[],"product_cat":[58,60],"product_tag":[73],"class_list":{"0":"post-7192","1":"product","2":"type-product","3":"status-publish","4":"has-post-thumbnail","6":"product_cat-apartamentos-ca-2","7":"product_cat-pallars-sobira-ca-2","8":"product_tag-el-duplex-de-espot","10":"first","11":"instock","12":"featured","13":"virtual","14":"product-type-simple"},"acf":[],"_links":{"self":[{"href":"https:\/\/lamfitriona.com\/ca\/wp-json\/wp\/v2\/product\/7192","targetHints":{"allow":["GET"]}}],"collection":[{"href":"https:\/\/lamfitriona.com\/ca\/wp-json\/wp\/v2\/product"}],"about":[{"href":"https:\/\/lamfitriona.com\/ca\/wp-json\/wp\/v2\/types\/product"}],"version-history":[{"count":1,"href":"https:\/\/lamfitriona.com\/ca\/wp-json\/wp\/v2\/product\/7192\/revisions"}],"predecessor-version":[{"id":7197,"href":"https:\/\/lamfitriona.com\/ca\/wp-json\/wp\/v2\/product\/7192\/revisions\/7197"}],"wp:featuredmedia":[{"embeddable":true,"href":"https:\/\/lamfitriona.com\/ca\/wp-json\/wp\/v2\/media\/5714"}],"wp:attachment":[{"href":"https:\/\/lamfitriona.com\/ca\/wp-json\/wp\/v2\/media?parent=7192"}],"wp:term":[{"taxonomy":"product_brand","embeddable":true,"href":"https:\/\/lamfitriona.com\/ca\/wp-json\/wp\/v2\/product_brand?post=7192"},{"taxonomy":"product_cat","embeddable":true,"href":"https:\/\/lamfitriona.com\/ca\/wp-json\/wp\/v2\/product_cat?post=7192"},{"taxonomy":"product_tag","embeddable":true,"href":"https:\/\/lamfitriona.com\/ca\/wp-json\/wp\/v2\/product_tag?post=7192"}],"curies":[{"name":"wp","href":"https:\/\/api.w.org\/{rel}","templated":true}]}}