{"id":7193,"date":"2022-02-17T08:24:55","date_gmt":"2022-02-17T08:24:55","guid":{"rendered":"https:\/\/www.lamfitriona.com\/producto\/sense%20categoria\/vila-closa-paller\/"},"modified":"2024-09-04T17:52:54","modified_gmt":"2024-09-04T17:52:54","slug":"vila-closa-paller","status":"publish","type":"product","link":"https:\/\/lamfitriona.com\/ca\/producto\/apartamentos-ca-2\/vila-closa-paller\/","title":{"rendered":"Vila Closa &#8211; Paller"},"content":{"rendered":"<p>VILA CLOSA RESORT ofereix una experi\u00e8ncia diferent al cl\u00e0ssic allotjament, permetent reviure la hist\u00f2ria d&#8217;una forma \u00fanica des del respecte per la hist\u00f2ria i la natura.<br \/>\nEl pis disposa de tots els estris de cuina, cafetera, rentadora, forn, microones, torradora, a m\u00e9s d&#8217; assecador de p\u00e8l.<br \/>\nLa propietat funciona amb energia renovable (plaques solars) i disposa de filtres d&#8217;aire a cada habitaci\u00f3.<br \/>\nAlgunes habitacions i l&#8217;SPA mantenen una part del mur antic de la torre del poble.<br \/>\nL&#8217; SPA s&#8217; ha de reservar amb antelaci\u00f3.<br \/>\nS&#8217;ha de preguntar preus i disponibilitat Vila Closa Resort ressalta per la import\u00e0ncia hist\u00f2rica que mant\u00e9.       <\/p>\n<ul>\n<li>S&#8217; ha de reservar, m\u00ednim amb un dia d&#8217; antelaci\u00f3.<br \/>\nEl preu \u00e9s de 25\u20ac per adult i 20\u20ac per nen menor d&#8217;11 anys. <\/li>\n<li>No s&#8217;admeten mascotes<\/li>\n<li>Es demana una fian\u00e7a de 100\u20ac per l&#8217;estada, que ser\u00e0 retornada a la sortida<\/li>\n<li>Taxa tur\u00edstica de 0,66 \u20ac per adult i nit no inclosa en el preu de l&#8217; estada<\/li>\n<\/ul>\n","protected":false},"excerpt":{"rendered":"<p>L&#8217; apartament es divideix en dues plantes.<br \/>\nA la planta de dalt, disposa d&#8217; 1 dormitori amb llit matrimonial king size i un altre amb dos llits individuals.<br \/>\nA la planta baixa es disposa la cuina-sala d&#8217; estar i un bany complet.  <\/p>\n","protected":false},"featured_media":5580,"template":"","meta":{"_acf_changed":false,"_joinchat":[]},"product_brand":[],"product_cat":[58,60],"product_tag":[72],"class_list":{"0":"post-7193","1":"product","2":"type-product","3":"status-publish","4":"has-post-thumbnail","6":"product_cat-apartamentos-ca-2","7":"product_cat-pallars-sobira-ca-2","8":"product_tag-vila-closa-paller","10":"first","11":"instock","12":"featured","13":"virtual","14":"product-type-simple"},"acf":[],"_links":{"self":[{"href":"https:\/\/lamfitriona.com\/ca\/wp-json\/wp\/v2\/product\/7193","targetHints":{"allow":["GET"]}}],"collection":[{"href":"https:\/\/lamfitriona.com\/ca\/wp-json\/wp\/v2\/product"}],"about":[{"href":"https:\/\/lamfitriona.com\/ca\/wp-json\/wp\/v2\/types\/product"}],"version-history":[{"count":1,"href":"https:\/\/lamfitriona.com\/ca\/wp-json\/wp\/v2\/product\/7193\/revisions"}],"predecessor-version":[{"id":7196,"href":"https:\/\/lamfitriona.com\/ca\/wp-json\/wp\/v2\/product\/7193\/revisions\/7196"}],"wp:featuredmedia":[{"embeddable":true,"href":"https:\/\/lamfitriona.com\/ca\/wp-json\/wp\/v2\/media\/5580"}],"wp:attachment":[{"href":"https:\/\/lamfitriona.com\/ca\/wp-json\/wp\/v2\/media?parent=7193"}],"wp:term":[{"taxonomy":"product_brand","embeddable":true,"href":"https:\/\/lamfitriona.com\/ca\/wp-json\/wp\/v2\/product_brand?post=7193"},{"taxonomy":"product_cat","embeddable":true,"href":"https:\/\/lamfitriona.com\/ca\/wp-json\/wp\/v2\/product_cat?post=7193"},{"taxonomy":"product_tag","embeddable":true,"href":"https:\/\/lamfitriona.com\/ca\/wp-json\/wp\/v2\/product_tag?post=7193"}],"curies":[{"name":"wp","href":"https:\/\/api.w.org\/{rel}","templated":true}]}}