{"id":7194,"date":"2022-02-17T07:11:12","date_gmt":"2022-02-17T07:11:12","guid":{"rendered":"https:\/\/www.lamfitriona.com\/producto\/sense%20categoria\/casa-rural-jan\/"},"modified":"2024-09-04T17:52:54","modified_gmt":"2024-09-04T17:52:54","slug":"casa-rural-jan","status":"publish","type":"product","link":"https:\/\/lamfitriona.com\/ca\/producto\/casas-rurales-ca-2\/casa-rural-jan\/","title":{"rendered":"Casa Rural Jan"},"content":{"rendered":"<p>Casa Jan va ser constru\u00efda el 1810 i es compon de 4 plantes, la seva construcci\u00f3 t\u00edpica de muntanya, pedra i fusta , s&#8217;ha restaurat respectant l&#8217;estructura original.<br \/>\nLa casa est\u00e0 situada en plena natura en un petit i tranquil poble de 10 habitants, que es diu Beran\u00ed, que forma part del municipi de Rialp, situat a 6 km.<br \/>\nBeran\u00ed confronta amb el Parc Natural de l&#8217;Alt Pirineu i a uns 25 minuts del Parc Nacional d&#8217;Aig\u00fcestortes i Sant Maurici.<br \/>\nLa capital de la comarca del Pallars Sobir\u00e0, Sort est\u00e0 a 10 km.     <\/p>\n<ul>\n<li>S&#8217; admeten mascotes.<br \/>\nComporta un suplement de 5\u20ac per mascota i nit <\/li>\n<li>No s&#8217; admeten festes<\/li>\n<li>Taxa tur\u00edstica no inclosa de 0,66\u20ac per persona i nit<\/li>\n<li>S&#8217; ha d&#8217; abonar una fian\u00e7a de 200 \u20ac a l&#8217; entrada<\/li>\n<\/ul>\n","protected":false},"excerpt":{"rendered":"<p>Consta de 5 habitacions dobles i 1 qu\u00e0druple, amb capacitat m\u00e0xima per a 16 persones (afegint 200), totes elles amb bany complet, amb roba de llit i tovalloles.<br \/>\nCuina completa amb forn, rentaplats, nevera, 6 focs, microones i tot el necessari per cuinar.<br \/>\nUn menjador amb vistes a la muntanya, sala d&#8217;estar, taula de joc, estufa de llenya, TV, Wii, i al costat de la sala una habitaci\u00f3 de jocs per als m\u00e9s petits.<br \/>\nA banda un gran eixam al costat de la casa.   <\/p>\n","protected":false},"featured_media":5660,"template":"","meta":{"_acf_changed":false,"_joinchat":[]},"product_brand":[],"product_cat":[59,60],"product_tag":[90],"class_list":{"0":"post-7194","1":"product","2":"type-product","3":"status-publish","4":"has-post-thumbnail","6":"product_cat-casas-rurales-ca-2","7":"product_cat-pallars-sobira-ca-2","8":"product_tag-jan","10":"first","11":"instock","12":"featured","13":"virtual","14":"product-type-simple"},"acf":[],"_links":{"self":[{"href":"https:\/\/lamfitriona.com\/ca\/wp-json\/wp\/v2\/product\/7194","targetHints":{"allow":["GET"]}}],"collection":[{"href":"https:\/\/lamfitriona.com\/ca\/wp-json\/wp\/v2\/product"}],"about":[{"href":"https:\/\/lamfitriona.com\/ca\/wp-json\/wp\/v2\/types\/product"}],"version-history":[{"count":1,"href":"https:\/\/lamfitriona.com\/ca\/wp-json\/wp\/v2\/product\/7194\/revisions"}],"predecessor-version":[{"id":7195,"href":"https:\/\/lamfitriona.com\/ca\/wp-json\/wp\/v2\/product\/7194\/revisions\/7195"}],"wp:featuredmedia":[{"embeddable":true,"href":"https:\/\/lamfitriona.com\/ca\/wp-json\/wp\/v2\/media\/5660"}],"wp:attachment":[{"href":"https:\/\/lamfitriona.com\/ca\/wp-json\/wp\/v2\/media?parent=7194"}],"wp:term":[{"taxonomy":"product_brand","embeddable":true,"href":"https:\/\/lamfitriona.com\/ca\/wp-json\/wp\/v2\/product_brand?post=7194"},{"taxonomy":"product_cat","embeddable":true,"href":"https:\/\/lamfitriona.com\/ca\/wp-json\/wp\/v2\/product_cat?post=7194"},{"taxonomy":"product_tag","embeddable":true,"href":"https:\/\/lamfitriona.com\/ca\/wp-json\/wp\/v2\/product_tag?post=7194"}],"curies":[{"name":"wp","href":"https:\/\/api.w.org\/{rel}","templated":true}]}}