{"id":7198,"date":"2022-02-15T07:29:41","date_gmt":"2022-02-15T06:29:41","guid":{"rendered":"https:\/\/www.lamfitriona.com\/producto\/sense%20categoria\/casa-sinera\/"},"modified":"2024-09-04T17:52:53","modified_gmt":"2024-09-04T17:52:53","slug":"casa-sinera","status":"publish","type":"product","link":"https:\/\/lamfitriona.com\/ca\/producto\/casas-rurales-ca-2\/casa-sinera\/","title":{"rendered":"Casa Sinera"},"content":{"rendered":"<p>Autentica casa del Pirineu Catal\u00e0 amb fa\u00e7ana de pissarra i interiors en fusta pr\u00f2pia de la zona.<br \/>\nUbicada en un poble rural que d\u00f3na acc\u00e9s a nombroses activitats com senderisme, esqu\u00ed, kayak, r\u00e0fting, etc.<br \/>\nLa seva proximitat a la natura i als principals punts d&#8217;inter\u00e8s com Port Ain\u00e9 o el Parc Natural de l&#8217;Alt Pirineu, us far\u00e0 desconnectar i gaudir d&#8217;una estada relaxant!<br \/>\nLa casa est\u00e0 totalment equipada, formada per 2 habitacions amb llit matrimonial, una altra amb dos llits individuals i un sof\u00e0 llit.<br \/>\nA banda el menjador-cuina, dos banys i un lavabo.<br \/>\nDisposa de calefacci\u00f3 central que ens fa gaudir d&#8217;un ambient agradable, tranquil i relaxant.<br \/>\nLa casa est\u00e0 dividida en 3 plantes amb dos balcons amb vistes a la muntanya.<br \/>\n\u00c9s perfecta per a una estada en fam\u00edlia o amb amics!         <\/p>\n<ul>\n<li>S&#8217; admeten mascotes.<br \/>\nEs poden aplicar suplements. <\/li>\n<li>No s&#8217; admeten festes<\/li>\n<li>Taxa tur\u00edstica d&#8217; 1 \u20ac per persona major de 16 anys i nit no inclosa<\/li>\n<li>A l&#8217;entrada es demana una fian\u00e7a de 100\u20ac que ser\u00e0 retornada a la sortida<\/li>\n<\/ul>\n","protected":false},"excerpt":{"rendered":"<p>La casa est\u00e0 totalment equipada, formada per 2 habitacions amb llit matrimonial, una altra amb dos llits individuals i un sof\u00e0 llit.<br \/>\nA banda el menjador-cuina, dos banys i un lavabo. <\/p>\n","protected":false},"featured_media":5640,"template":"","meta":{"_acf_changed":false,"_joinchat":[]},"product_brand":[],"product_cat":[59,60],"product_tag":[89],"class_list":{"0":"post-7198","1":"product","2":"type-product","3":"status-publish","4":"has-post-thumbnail","6":"product_cat-casas-rurales-ca-2","7":"product_cat-pallars-sobira-ca-2","8":"product_tag-sinera","10":"first","11":"instock","12":"featured","13":"virtual","14":"product-type-simple"},"acf":[],"_links":{"self":[{"href":"https:\/\/lamfitriona.com\/ca\/wp-json\/wp\/v2\/product\/7198","targetHints":{"allow":["GET"]}}],"collection":[{"href":"https:\/\/lamfitriona.com\/ca\/wp-json\/wp\/v2\/product"}],"about":[{"href":"https:\/\/lamfitriona.com\/ca\/wp-json\/wp\/v2\/types\/product"}],"version-history":[{"count":0,"href":"https:\/\/lamfitriona.com\/ca\/wp-json\/wp\/v2\/product\/7198\/revisions"}],"wp:featuredmedia":[{"embeddable":true,"href":"https:\/\/lamfitriona.com\/ca\/wp-json\/wp\/v2\/media\/5640"}],"wp:attachment":[{"href":"https:\/\/lamfitriona.com\/ca\/wp-json\/wp\/v2\/media?parent=7198"}],"wp:term":[{"taxonomy":"product_brand","embeddable":true,"href":"https:\/\/lamfitriona.com\/ca\/wp-json\/wp\/v2\/product_brand?post=7198"},{"taxonomy":"product_cat","embeddable":true,"href":"https:\/\/lamfitriona.com\/ca\/wp-json\/wp\/v2\/product_cat?post=7198"},{"taxonomy":"product_tag","embeddable":true,"href":"https:\/\/lamfitriona.com\/ca\/wp-json\/wp\/v2\/product_tag?post=7198"}],"curies":[{"name":"wp","href":"https:\/\/api.w.org\/{rel}","templated":true}]}}