{"id":7201,"date":"2022-02-15T07:28:05","date_gmt":"2022-02-15T06:28:05","guid":{"rendered":"https:\/\/www.lamfitriona.com\/producto\/sense%20categoria\/deluxe-espot\/"},"modified":"2024-09-04T17:52:53","modified_gmt":"2024-09-04T17:52:53","slug":"deluxe-espot","status":"publish","type":"product","link":"https:\/\/lamfitriona.com\/ca\/producto\/apartamentos-ca-2\/deluxe-espot\/","title":{"rendered":"Deluxe Espot"},"content":{"rendered":"<p>Preus apartament al centre del pintoresc poble d&#8217; Espot.<br \/>\nPerfecte per a una fam\u00edlia o grup d&#8217;amics que volen venir a gaudir d&#8217;una c\u00e0lida llar a la muntanya i a descobrir les nombroses rutes de senderisme que parteixen des d&#8217;aquest indret, realitzar activitats d&#8217;aventura o visitar llocs emblem\u00e0tics com el Parc Nacional d&#8217;Aig\u00fcestortes i Estany de Sant Maurici.<br \/>\nA banda, el nostre apartament est\u00e0 ubicat a nom\u00e9s 4 km de la famosa pista d&#8217;esqu\u00ed &#8220;Espot Esqu\u00ed&#8221;.    &nbsp;<\/p>\n<ul>\n<li>No s&#8217;accepten mascotes<\/li>\n<li>Fian\u00e7a de 100 euros per l&#8217;estada, que ser\u00e0 retornada a la sortida<\/li>\n<li>No s&#8217; admeten festes<\/li>\n<li>Taxa tur\u00edstica d&#8217; 1 \u20ac per adult major de 16 anys i nit, no inclosa en el preu de la tarifa<\/li>\n<\/ul>\n","protected":false},"excerpt":{"rendered":"<p>L&#8217;apartament est\u00e0 format per: 1 habitaci\u00f3 Suite amb llit doble (1,50 x 1,90cm).<br \/>\n1 habitaci\u00f3 doble amb dos llits individuals i balc\u00f3.<br \/>\n1 habitaci\u00f3 doble amb llit de matrimoni (1,35x 1,90cm).<br \/>\n2 banys.<br \/>\nUn amb banyera a la Suite i un altre amb dutxa.<br \/>\nCuina.<br \/>\nSal\u00f3 i menjador amb balc\u00f3      <\/p>\n","protected":false},"featured_media":5590,"template":"","meta":{"_acf_changed":false,"_joinchat":[]},"product_brand":[],"product_cat":[58,60],"product_tag":[66],"class_list":{"0":"post-7201","1":"product","2":"type-product","3":"status-publish","4":"has-post-thumbnail","6":"product_cat-apartamentos-ca-2","7":"product_cat-pallars-sobira-ca-2","8":"product_tag-deluxeespot","10":"first","11":"instock","12":"featured","13":"virtual","14":"product-type-simple"},"acf":[],"_links":{"self":[{"href":"https:\/\/lamfitriona.com\/ca\/wp-json\/wp\/v2\/product\/7201","targetHints":{"allow":["GET"]}}],"collection":[{"href":"https:\/\/lamfitriona.com\/ca\/wp-json\/wp\/v2\/product"}],"about":[{"href":"https:\/\/lamfitriona.com\/ca\/wp-json\/wp\/v2\/types\/product"}],"version-history":[{"count":1,"href":"https:\/\/lamfitriona.com\/ca\/wp-json\/wp\/v2\/product\/7201\/revisions"}],"predecessor-version":[{"id":7207,"href":"https:\/\/lamfitriona.com\/ca\/wp-json\/wp\/v2\/product\/7201\/revisions\/7207"}],"wp:featuredmedia":[{"embeddable":true,"href":"https:\/\/lamfitriona.com\/ca\/wp-json\/wp\/v2\/media\/5590"}],"wp:attachment":[{"href":"https:\/\/lamfitriona.com\/ca\/wp-json\/wp\/v2\/media?parent=7201"}],"wp:term":[{"taxonomy":"product_brand","embeddable":true,"href":"https:\/\/lamfitriona.com\/ca\/wp-json\/wp\/v2\/product_brand?post=7201"},{"taxonomy":"product_cat","embeddable":true,"href":"https:\/\/lamfitriona.com\/ca\/wp-json\/wp\/v2\/product_cat?post=7201"},{"taxonomy":"product_tag","embeddable":true,"href":"https:\/\/lamfitriona.com\/ca\/wp-json\/wp\/v2\/product_tag?post=7201"}],"curies":[{"name":"wp","href":"https:\/\/api.w.org\/{rel}","templated":true}]}}