{"id":7335,"date":"2023-08-03T08:32:00","date_gmt":"2023-08-03T08:32:00","guid":{"rendered":"https:\/\/www.lamfitriona.com\/producto\/sense%20categoria\/feixa-de-can-prilla\/"},"modified":"2024-09-04T17:53:00","modified_gmt":"2024-09-04T17:53:00","slug":"feixa-de-can-prilla","status":"publish","type":"product","link":"https:\/\/lamfitriona.com\/ca\/producto\/casas-rurales-ca-2\/feixa-de-can-prilla\/","title":{"rendered":"Feixa de Can Prilla"},"content":{"rendered":"<p>Preciosa casa de poble en ple Parc Natural de l&#8217;Alt Pirineu, al bonic poble de Montenartr\u00f3 i a prop de la pista d&#8217;esqu\u00ed Port Ain\u00e9.<br \/>\nLa casa mant\u00e9 l&#8217;estil r\u00fastic per\u00f2 alhora combinat a la perfecci\u00f3 amb el modern.<br \/>\nAquesta disposa de totes les comoditats per a unes vacances relaxants en plena natura, a m\u00e9s d&#8217; unes vistes impressionants i privilegiades a la muntanya.<br \/>\nA banda, el jard\u00ed i la seva barbacoa far\u00e0 gaudir encara m\u00e9s de la seva estada.     &nbsp;<\/p>\n<ul>\n<li>Taxa tur\u00edstica d&#8217; 1 \u20ac per persona major de 16 anys i nit no inclosa<\/li>\n<li>S&#8217;accepten mascotes. Pot comportar suplement<\/li>\n<li>No apte per a festes<\/li>\n<li>Fian\u00e7a de 100 \u20ac a l&#8217; entrada.<br \/>\nEs retorna en la seva totalitat a la sortida. <\/li>\n<\/ul>\n<p>  \u00c9s important tenir en compte que la casa est\u00e0 dins del Parc Natural de l&#8217;Alt Pirineu. <u>A l&#8217;hivern es recomana tenir rodes de neu<\/u> per arribar al poble de Montenartr\u00f3!<\/p>\n","protected":false},"excerpt":{"rendered":"<p>L&#8217;habitatge complet t\u00e9 2 plantes i est\u00e0 format per dues habitacions matrimonials, una habitaci\u00f3 amb llitera, menjador, cuina i dos banys .<br \/>\nM\u00e0xima capacitat per a 7 persones, afegint un llit suplet\u00f2ria.<br \/>\nDisposa d&#8217; un balc\u00f3 gran a la segona planta i avall un jard\u00ed amb taules i cadires.  <\/p>\n","protected":false},"featured_media":7212,"template":"","meta":{"_acf_changed":false,"_joinchat":[]},"product_brand":[],"product_cat":[59,60],"product_tag":[100],"class_list":{"0":"post-7335","1":"product","2":"type-product","3":"status-publish","4":"has-post-thumbnail","6":"product_cat-casas-rurales-ca-2","7":"product_cat-pallars-sobira-ca-2","8":"product_tag-prilla","10":"first","11":"instock","12":"featured","13":"virtual","14":"product-type-simple"},"acf":[],"_links":{"self":[{"href":"https:\/\/lamfitriona.com\/ca\/wp-json\/wp\/v2\/product\/7335","targetHints":{"allow":["GET"]}}],"collection":[{"href":"https:\/\/lamfitriona.com\/ca\/wp-json\/wp\/v2\/product"}],"about":[{"href":"https:\/\/lamfitriona.com\/ca\/wp-json\/wp\/v2\/types\/product"}],"version-history":[{"count":1,"href":"https:\/\/lamfitriona.com\/ca\/wp-json\/wp\/v2\/product\/7335\/revisions"}],"predecessor-version":[{"id":8426,"href":"https:\/\/lamfitriona.com\/ca\/wp-json\/wp\/v2\/product\/7335\/revisions\/8426"}],"wp:featuredmedia":[{"embeddable":true,"href":"https:\/\/lamfitriona.com\/ca\/wp-json\/wp\/v2\/media\/7212"}],"wp:attachment":[{"href":"https:\/\/lamfitriona.com\/ca\/wp-json\/wp\/v2\/media?parent=7335"}],"wp:term":[{"taxonomy":"product_brand","embeddable":true,"href":"https:\/\/lamfitriona.com\/ca\/wp-json\/wp\/v2\/product_brand?post=7335"},{"taxonomy":"product_cat","embeddable":true,"href":"https:\/\/lamfitriona.com\/ca\/wp-json\/wp\/v2\/product_cat?post=7335"},{"taxonomy":"product_tag","embeddable":true,"href":"https:\/\/lamfitriona.com\/ca\/wp-json\/wp\/v2\/product_tag?post=7335"}],"curies":[{"name":"wp","href":"https:\/\/api.w.org\/{rel}","templated":true}]}}