{"id":9783,"date":"2023-11-13T09:29:44","date_gmt":"2023-11-13T08:29:44","guid":{"rendered":"https:\/\/www.lamfitriona.com\/producto\/sense%20categoria\/el-raconet-despot\/"},"modified":"2024-09-04T16:57:51","modified_gmt":"2024-09-04T16:57:51","slug":"el-raconet-despot","status":"publish","type":"product","link":"https:\/\/lamfitriona.com\/ca\/producto\/apartamentos-ca-2\/el-raconet-despot\/","title":{"rendered":"El Raconet d&#8217; Espot"},"content":{"rendered":"<p><span class=\"fontstyle0\">Apartament d\u00faplex c\u00e8ntric a l&#8217;encantador poble d&#8217;Espot. A les portes del Parc Nacional d&#8217; Aig\u00fcestortes i Estany de Sant Maurici. Perfecte per venir en fam\u00edlia o amb amics i gaudir de l&#8217;entorn, els llocs i les activitats que es poden realitzar a la zona. L&#8217; apartament est\u00e0 format per dues habitacions matrimonials i una altra habitaci\u00f3 amb llitera. A banda un bany complet, un lavabo, menjador i cuina. Disposa de tots els serveis per a una major comoditat, com per exemple, pla\u00e7a de p\u00e0rquing coberta i gratu\u00efta al mateix edifici, wifi, smart tv, etc.<\/span><\/p>\n<p>&nbsp;<\/p>\n<ul>\n<li><span class=\"fontstyle0\">S&#8217;accepten mascotes. Comporta suplement  <\/span><\/li>\n<li><span class=\"fontstyle0\">No s&#8217; admeten festes  <\/span><\/li>\n<li><span class=\"fontstyle0\">Taxa tur\u00edstica d&#8217; 1 \u20ac per adult major de 16 anys i nit, no inclosa en el preu de la tarifa  <\/span><\/li>\n<li><span class=\"fontstyle0\">Es demana una fian\u00e7a de 100\u20ac per l&#8217;estada, que ser\u00e0 retornada a la sortida<\/span><\/li>\n<\/ul>\n","protected":false},"excerpt":{"rendered":"<p><span class=\"fontstyle0\">  2 habitacions amb llit matrimonial, 1 habitaci\u00f3 amb llitera, 1 bany complet, 1 lavabo, menjador i cuina  <\/span><\/p>\n","protected":false},"featured_media":9183,"template":"","meta":{"_acf_changed":false,"_joinchat":[]},"product_brand":[],"product_cat":[58,60],"product_tag":[82],"class_list":{"0":"post-9783","1":"product","2":"type-product","3":"status-publish","4":"has-post-thumbnail","6":"product_cat-apartamentos-ca-2","7":"product_cat-pallars-sobira-ca-2","8":"product_tag-raconet","10":"first","11":"instock","12":"featured","13":"virtual","14":"product-type-simple"},"acf":[],"_links":{"self":[{"href":"https:\/\/lamfitriona.com\/ca\/wp-json\/wp\/v2\/product\/9783","targetHints":{"allow":["GET"]}}],"collection":[{"href":"https:\/\/lamfitriona.com\/ca\/wp-json\/wp\/v2\/product"}],"about":[{"href":"https:\/\/lamfitriona.com\/ca\/wp-json\/wp\/v2\/types\/product"}],"version-history":[{"count":1,"href":"https:\/\/lamfitriona.com\/ca\/wp-json\/wp\/v2\/product\/9783\/revisions"}],"predecessor-version":[{"id":9786,"href":"https:\/\/lamfitriona.com\/ca\/wp-json\/wp\/v2\/product\/9783\/revisions\/9786"}],"wp:featuredmedia":[{"embeddable":true,"href":"https:\/\/lamfitriona.com\/ca\/wp-json\/wp\/v2\/media\/9183"}],"wp:attachment":[{"href":"https:\/\/lamfitriona.com\/ca\/wp-json\/wp\/v2\/media?parent=9783"}],"wp:term":[{"taxonomy":"product_brand","embeddable":true,"href":"https:\/\/lamfitriona.com\/ca\/wp-json\/wp\/v2\/product_brand?post=9783"},{"taxonomy":"product_cat","embeddable":true,"href":"https:\/\/lamfitriona.com\/ca\/wp-json\/wp\/v2\/product_cat?post=9783"},{"taxonomy":"product_tag","embeddable":true,"href":"https:\/\/lamfitriona.com\/ca\/wp-json\/wp\/v2\/product_tag?post=9783"}],"curies":[{"name":"wp","href":"https:\/\/api.w.org\/{rel}","templated":true}]}}