{"id":9785,"date":"2023-11-10T12:40:42","date_gmt":"2023-11-10T11:40:42","guid":{"rendered":"https:\/\/www.lamfitriona.com\/producto\/sense%20categoria\/duplex-la-solana\/"},"modified":"2024-09-04T16:57:53","modified_gmt":"2024-09-04T16:57:53","slug":"duplex-la-solana-2","status":"publish","type":"product","link":"https:\/\/lamfitriona.com\/ca\/producto\/apartamentos-ca-2\/duplex-la-solana-2\/","title":{"rendered":"D\u00faplex La Solana"},"content":{"rendered":"<p>Preus apartament d\u00faplex, al centre del poble de Sort, amb piscina comunit\u00e0ria, totalment equipat amb tot el necessari per a una estada c\u00f2moda.<br \/>\nPerfecte per a fam\u00edlies, amics o parelles.<br \/>\nLa seva ubicaci\u00f3 \u00e9s ideal per gaudir de la capital del Pallars Sobir\u00e0, realitzar activitats d&#8217;aventura, senderisme i excursions, o simplement desconnectar de la rutina del dia a dia.<br \/>\nA tan sols 10 minuts de Port Ain\u00e9 i 30 minuts del Parc Nacional d&#8217;Aig\u00fcestortes i Estany de Sant Maurici.<br \/>\nL&#8217; apartament est\u00e0 format per una habitaci\u00f3 matrimonial, una altra habitaci\u00f3 amb una llitera formada per llit matrimonial i un llit individual, bany complet amb dutxa, menjador amb balc\u00f3 i vistes, cuina i lavabo.<br \/>\nA banda, disposen de piscina totalment gratu\u00efta a la comunitat i de f\u00e0cil aparcament a la zona.       &nbsp;<\/p>\n<ul>\n<li><span class=\"fontstyle0\">Taxa tur\u00edstica d&#8217; 1 \u20ac per adult major de 16 anys i nit, no inclosa en el preu de la <\/span><span class=\"fontstyle0\">tarifa<\/span><\/li>\n<li><span class=\"fontstyle0\">No s&#8217;admeten mascotes<\/span><\/li>\n<li><span class=\"fontstyle0\">No s&#8217; admeten festes<\/span><\/li>\n<li><span class=\"fontstyle0\">Es demana una fian\u00e7a de 100\u20ac per l&#8217;estada, que ser\u00e0 retornada a la sortida<\/span><\/li>\n<\/ul>\n","protected":false},"excerpt":{"rendered":"<p><span class=\"fontstyle0\">  1 habitaci\u00f3 amb llit matrimonial, 1 habitaci\u00f3 amb llit matrimonial i llit individual, bany, menjador, cuina  <\/span><\/p>\n","protected":false},"featured_media":8946,"template":"","meta":{"_acf_changed":false,"_joinchat":[]},"product_brand":[],"product_cat":[58,60],"product_tag":[81],"class_list":{"0":"post-9785","1":"product","2":"type-product","3":"status-publish","4":"has-post-thumbnail","6":"product_cat-apartamentos-ca-2","7":"product_cat-pallars-sobira-ca-2","8":"product_tag-solana","10":"first","11":"instock","12":"featured","13":"virtual","14":"product-type-simple"},"acf":[],"_links":{"self":[{"href":"https:\/\/lamfitriona.com\/ca\/wp-json\/wp\/v2\/product\/9785","targetHints":{"allow":["GET"]}}],"collection":[{"href":"https:\/\/lamfitriona.com\/ca\/wp-json\/wp\/v2\/product"}],"about":[{"href":"https:\/\/lamfitriona.com\/ca\/wp-json\/wp\/v2\/types\/product"}],"version-history":[{"count":1,"href":"https:\/\/lamfitriona.com\/ca\/wp-json\/wp\/v2\/product\/9785\/revisions"}],"predecessor-version":[{"id":9788,"href":"https:\/\/lamfitriona.com\/ca\/wp-json\/wp\/v2\/product\/9785\/revisions\/9788"}],"wp:featuredmedia":[{"embeddable":true,"href":"https:\/\/lamfitriona.com\/ca\/wp-json\/wp\/v2\/media\/8946"}],"wp:attachment":[{"href":"https:\/\/lamfitriona.com\/ca\/wp-json\/wp\/v2\/media?parent=9785"}],"wp:term":[{"taxonomy":"product_brand","embeddable":true,"href":"https:\/\/lamfitriona.com\/ca\/wp-json\/wp\/v2\/product_brand?post=9785"},{"taxonomy":"product_cat","embeddable":true,"href":"https:\/\/lamfitriona.com\/ca\/wp-json\/wp\/v2\/product_cat?post=9785"},{"taxonomy":"product_tag","embeddable":true,"href":"https:\/\/lamfitriona.com\/ca\/wp-json\/wp\/v2\/product_tag?post=9785"}],"curies":[{"name":"wp","href":"https:\/\/api.w.org\/{rel}","templated":true}]}}