{"id":9790,"date":"2023-11-10T12:22:29","date_gmt":"2023-11-10T11:22:29","guid":{"rendered":"https:\/\/www.lamfitriona.com\/producto\/sense%20categoria\/duplex-la-roca\/"},"modified":"2024-09-04T16:57:53","modified_gmt":"2024-09-04T16:57:53","slug":"duplex-la-roca","status":"publish","type":"product","link":"https:\/\/lamfitriona.com\/ca\/producto\/apartamentos-ca-2\/duplex-la-roca\/","title":{"rendered":"D\u00faplex La Roca"},"content":{"rendered":"<p>Apartament modern al centre de l&#8217; encantador poble d&#8217; Espot.<br \/>\nPerfecte per a una fam\u00edlia o grup d&#8217;amics que vulguin venir a gaudir d&#8217;una c\u00e0lida llar a la muntanya i descobrir les nombroses rutes de senderisme que parteixen des d&#8217;aquest indret, realitzar activitats d&#8217;aventura o visitar llocs emblem\u00e0tics com el Parc Nacional d&#8217;Aig\u00fcestortes i Estany de Sant Maurici que es troba a tan sols 3km.<br \/>\nA banda, el nostre apartament est\u00e0 ubicat a 4 km de la pista d&#8217;esqu\u00ed Espot Esqu\u00ed!<br \/>\nApartament completament equipat, format per dues habitacions amb llit matrimonial (una d&#8217;elles amb balc\u00f3) i una altra habitaci\u00f3 amb dos llits individuals.<br \/>\nA banda disposa de dos banys complets amb dutxa i banyera, cuina i menjador.<br \/>\nL&#8217;apartament t\u00e9 un estil modern per\u00f2 r\u00fastic alhora, caracteritzat per unes vistes incre\u00efbles des del balc\u00f3.<br \/>\nA tenir en compte que el pis est\u00e0 adaptat per a fam\u00edlies que vinguin amb nadons o nens petits, ja que disposa de trona, bressol i baranes de seguretat a les escales.        &nbsp;<\/p>\n<ul>\n<li>S&#8217;accepten mascotes sota petici\u00f3. Comporta suplement<\/li>\n<li>No s&#8217; admeten festes<\/li>\n<li>Taxa tur\u00edstica d&#8217; 1 \u20ac per adult major de 16 anys i nit, no inclosa en el preu de la tarifa<\/li>\n<li>Es demana una fian\u00e7a de 100\u20ac per l&#8217;estada, que ser\u00e0 retornada a la sortida<\/li>\n<\/ul>\n","protected":false},"excerpt":{"rendered":"<p><span class=\"fontstyle0\">  2 habitacions amb llit matrimonial, 1 habitaci\u00f3 amb dos llits individuals, 2 banys complets, menjador, cuina  <\/span><\/p>\n","protected":false},"featured_media":8875,"template":"","meta":{"_acf_changed":false,"_joinchat":[]},"product_brand":[],"product_cat":[58,60],"product_tag":[80],"class_list":{"0":"post-9790","1":"product","2":"type-product","3":"status-publish","4":"has-post-thumbnail","6":"product_cat-apartamentos-ca-2","7":"product_cat-pallars-sobira-ca-2","8":"product_tag-la-roca","10":"first","11":"instock","12":"featured","13":"virtual","14":"product-type-simple"},"acf":[],"_links":{"self":[{"href":"https:\/\/lamfitriona.com\/ca\/wp-json\/wp\/v2\/product\/9790","targetHints":{"allow":["GET"]}}],"collection":[{"href":"https:\/\/lamfitriona.com\/ca\/wp-json\/wp\/v2\/product"}],"about":[{"href":"https:\/\/lamfitriona.com\/ca\/wp-json\/wp\/v2\/types\/product"}],"version-history":[{"count":1,"href":"https:\/\/lamfitriona.com\/ca\/wp-json\/wp\/v2\/product\/9790\/revisions"}],"predecessor-version":[{"id":9795,"href":"https:\/\/lamfitriona.com\/ca\/wp-json\/wp\/v2\/product\/9790\/revisions\/9795"}],"wp:featuredmedia":[{"embeddable":true,"href":"https:\/\/lamfitriona.com\/ca\/wp-json\/wp\/v2\/media\/8875"}],"wp:attachment":[{"href":"https:\/\/lamfitriona.com\/ca\/wp-json\/wp\/v2\/media?parent=9790"}],"wp:term":[{"taxonomy":"product_brand","embeddable":true,"href":"https:\/\/lamfitriona.com\/ca\/wp-json\/wp\/v2\/product_brand?post=9790"},{"taxonomy":"product_cat","embeddable":true,"href":"https:\/\/lamfitriona.com\/ca\/wp-json\/wp\/v2\/product_cat?post=9790"},{"taxonomy":"product_tag","embeddable":true,"href":"https:\/\/lamfitriona.com\/ca\/wp-json\/wp\/v2\/product_tag?post=9790"}],"curies":[{"name":"wp","href":"https:\/\/api.w.org\/{rel}","templated":true}]}}