{"id":9791,"date":"2023-11-10T12:02:52","date_gmt":"2023-11-10T11:02:52","guid":{"rendered":"https:\/\/www.lamfitriona.com\/producto\/sense%20categoria\/casa-disard\/"},"modified":"2024-09-04T16:57:53","modified_gmt":"2024-09-04T16:57:53","slug":"casa-disard","status":"publish","type":"product","link":"https:\/\/lamfitriona.com\/ca\/producto\/casas-rurales-ca-2\/casa-disard\/","title":{"rendered":"Casa d&#8217; Isard"},"content":{"rendered":"<p>Preciosa casa de poble reformada, molt \u00e0mplia i amb totes les comoditats en ple Vall de Card\u00f3s.<br \/>\nUbicada al petit poble d&#8217; An\u00e0s, a peu de bosc i envoltada de prats i muntanyes a les portes de l&#8217; inh\u00f2spit i estret Vall d&#8217; Estaon.<br \/>\nUn lloc per als amants de la natura que volen gaudir de la tranquil\u00b7litat en una de les zones m\u00e9s verges al Parc Natural de l&#8217;Alt Pirineu.<br \/>\nL&#8217;opci\u00f3 perfecta per viatjar en fam\u00edlia o amb amics per desconnectar en ple entorn natural!<br \/>\nLa casa est\u00e0 formada per una habitaci\u00f3 matrimonial amb llit extragran a Suite (amb bany propi), dues habitacions amb dos llits individuals i una altra qu\u00e0druple amb dues lliteres.<br \/>\nA banda dos banys m\u00e9s a prop de les habitacions, menjador amb cuina i xemeneia.<br \/>\nPer als m\u00e9s petits tamb\u00e9 ofereix un lloc de jocs amb futbol\u00ed, etc.        &nbsp;<\/p>\n<ul>\n<li><span class=\"fontstyle0\">Taxa tur\u00edstica d&#8217; 1 \u20ac per persona major de 16 anys i nit no inclosa<\/span><\/li>\n<li><span class=\"fontstyle0\">S&#8217; admeten mascotes sota petici\u00f3. Comporta suplement<\/span><\/li>\n<li><span class=\"fontstyle0\">No s&#8217; admeten festes<\/span><\/li>\n<li><span class=\"fontstyle0\">A l&#8217;entrada es demana una fian\u00e7a de 100\u20ac que ser\u00e0 retornada a la sortida<\/span><\/li>\n<\/ul>\n","protected":false},"excerpt":{"rendered":"<p><span class=\"fontstyle0\">  1 habitaci\u00f3 amb llit matrimonial, 2 habitacions amb 2 llits individuals, 1 habitaci\u00f3 amb 2 lliteres, 3 banys complets, 1 lavabo, menjador, cuina  <\/span><\/p>\n","protected":false},"featured_media":8780,"template":"","meta":{"_acf_changed":false,"_joinchat":[]},"product_brand":[],"product_cat":[59,60],"product_tag":[92],"class_list":{"0":"post-9791","1":"product","2":"type-product","3":"status-publish","4":"has-post-thumbnail","6":"product_cat-casas-rurales-ca-2","7":"product_cat-pallars-sobira-ca-2","8":"product_tag-isard","10":"first","11":"instock","12":"featured","13":"virtual","14":"product-type-simple"},"acf":[],"_links":{"self":[{"href":"https:\/\/lamfitriona.com\/ca\/wp-json\/wp\/v2\/product\/9791","targetHints":{"allow":["GET"]}}],"collection":[{"href":"https:\/\/lamfitriona.com\/ca\/wp-json\/wp\/v2\/product"}],"about":[{"href":"https:\/\/lamfitriona.com\/ca\/wp-json\/wp\/v2\/types\/product"}],"version-history":[{"count":1,"href":"https:\/\/lamfitriona.com\/ca\/wp-json\/wp\/v2\/product\/9791\/revisions"}],"predecessor-version":[{"id":9794,"href":"https:\/\/lamfitriona.com\/ca\/wp-json\/wp\/v2\/product\/9791\/revisions\/9794"}],"wp:featuredmedia":[{"embeddable":true,"href":"https:\/\/lamfitriona.com\/ca\/wp-json\/wp\/v2\/media\/8780"}],"wp:attachment":[{"href":"https:\/\/lamfitriona.com\/ca\/wp-json\/wp\/v2\/media?parent=9791"}],"wp:term":[{"taxonomy":"product_brand","embeddable":true,"href":"https:\/\/lamfitriona.com\/ca\/wp-json\/wp\/v2\/product_brand?post=9791"},{"taxonomy":"product_cat","embeddable":true,"href":"https:\/\/lamfitriona.com\/ca\/wp-json\/wp\/v2\/product_cat?post=9791"},{"taxonomy":"product_tag","embeddable":true,"href":"https:\/\/lamfitriona.com\/ca\/wp-json\/wp\/v2\/product_tag?post=9791"}],"curies":[{"name":"wp","href":"https:\/\/api.w.org\/{rel}","templated":true}]}}