{"id":9796,"date":"2023-11-10T11:02:26","date_gmt":"2023-11-10T10:02:26","guid":{"rendered":"https:\/\/www.lamfitriona.com\/producto\/sense%20categoria\/apartamento-de-la-vall-ferrera\/"},"modified":"2024-09-04T16:57:52","modified_gmt":"2024-09-04T16:57:52","slug":"apartament-de-la-vall-ferrera","status":"publish","type":"product","link":"https:\/\/lamfitriona.com\/ca\/producto\/apartamentos-ca-2\/apartament-de-la-vall-ferrera\/","title":{"rendered":"Apartament de la Vall Ferrera"},"content":{"rendered":"<p>Apartament r\u00fastic al poble d&#8217; \u00c0reu, dins la Vall Ferrera.<br \/>\nPerfecte per a aquelles persones que desitgen visitar i descobrir les nombroses rutes que ofereix aquesta vall, activitats i desconnexi\u00f3 total.<br \/>\nApartament totalment equipat amb tot el necessari.<br \/>\nFormat per una habitaci\u00f3 a Suite amb bany privat, una altra amb dos llits individuals, segon bany amb dutxa, menjador i cuina.<br \/>\nA banda, disposa d&#8217;un pati de la comunitat amb taules fora.<br \/>\nApartament totalment equipat amb tot el necessari.<br \/>\nDistribu\u00eft en una habitaci\u00f3 a Suite amb bany privat i una segona amb dos llits individuals.<br \/>\nA banda hi ha un segon bany amb dutxa, menjador principal amb xemeneia i cuina totalment equipada que inclou tots els estris, electrodom\u00e8stics necessaris i cafetera .<br \/>\nDisposa tamb\u00e9 de balc\u00f3 amb magn\u00edfiques vistes i un jard\u00ed de la comunitat amb taules fora per gaudir de l&#8217;entorn.          &nbsp;<\/p>\n<ul>\n<li><span class=\"fontstyle0\">S&#8217; admeten mascotes, sota petici\u00f3. Comporta suplement<\/span><\/li>\n<li><span class=\"fontstyle0\">Taxa tur\u00edstica d&#8217; 1 \u20ac per persona major de 16 anys i nit no inclosa en la tarifa de l <\/span><span class=\"fontstyle0\">&#8216; estada<\/span><\/li>\n<li><span class=\"fontstyle0\">No s&#8217; admeten festes<\/span><\/li>\n<li><span class=\"fontstyle0\">Es cobra una fian\u00e7a de 100\u20ac a l&#8217;entrada, que ser\u00e0 retornada a la sortida<\/span><\/li>\n<\/ul>\n","protected":false},"excerpt":{"rendered":"<p><span class=\"fontstyle0\">  1 habitaci\u00f3 amb llit matrimonial, 1 habitaci\u00f3 amb 2 llits individuals, 2 banys complets, menjador, cuina  <\/span><\/p>\n","protected":false},"featured_media":8627,"template":"","meta":{"_acf_changed":false,"_joinchat":[]},"product_brand":[],"product_cat":[58,60],"product_tag":[79],"class_list":{"0":"post-9796","1":"product","2":"type-product","3":"status-publish","4":"has-post-thumbnail","6":"product_cat-apartamentos-ca-2","7":"product_cat-pallars-sobira-ca-2","8":"product_tag-vall-ferrera","10":"first","11":"instock","12":"featured","13":"virtual","14":"product-type-simple"},"acf":[],"_links":{"self":[{"href":"https:\/\/lamfitriona.com\/ca\/wp-json\/wp\/v2\/product\/9796","targetHints":{"allow":["GET"]}}],"collection":[{"href":"https:\/\/lamfitriona.com\/ca\/wp-json\/wp\/v2\/product"}],"about":[{"href":"https:\/\/lamfitriona.com\/ca\/wp-json\/wp\/v2\/types\/product"}],"version-history":[{"count":1,"href":"https:\/\/lamfitriona.com\/ca\/wp-json\/wp\/v2\/product\/9796\/revisions"}],"predecessor-version":[{"id":9801,"href":"https:\/\/lamfitriona.com\/ca\/wp-json\/wp\/v2\/product\/9796\/revisions\/9801"}],"wp:featuredmedia":[{"embeddable":true,"href":"https:\/\/lamfitriona.com\/ca\/wp-json\/wp\/v2\/media\/8627"}],"wp:attachment":[{"href":"https:\/\/lamfitriona.com\/ca\/wp-json\/wp\/v2\/media?parent=9796"}],"wp:term":[{"taxonomy":"product_brand","embeddable":true,"href":"https:\/\/lamfitriona.com\/ca\/wp-json\/wp\/v2\/product_brand?post=9796"},{"taxonomy":"product_cat","embeddable":true,"href":"https:\/\/lamfitriona.com\/ca\/wp-json\/wp\/v2\/product_cat?post=9796"},{"taxonomy":"product_tag","embeddable":true,"href":"https:\/\/lamfitriona.com\/ca\/wp-json\/wp\/v2\/product_tag?post=9796"}],"curies":[{"name":"wp","href":"https:\/\/api.w.org\/{rel}","templated":true}]}}