{"id":9798,"date":"2023-11-10T09:42:12","date_gmt":"2023-11-10T08:42:12","guid":{"rendered":"https:\/\/www.lamfitriona.com\/producto\/sense%20categoria\/apartamento-la-noguera\/"},"modified":"2024-09-04T16:57:51","modified_gmt":"2024-09-04T16:57:51","slug":"apartament-la-noguera","status":"publish","type":"product","link":"https:\/\/lamfitriona.com\/ca\/producto\/apartamentos-ca-2\/apartament-la-noguera\/","title":{"rendered":"Apartament la Noguera"},"content":{"rendered":"<p>Encantador apartament amb vistes a la Noguera Pallaresa, situat al cor de Rialp, \u00e9s perfecte per a fam\u00edlies o grups d&#8217;amics que volen gaudir de les nombroses activitats que ofereix la zona, com senderisme, r\u00e0fting, barranquisme, equitaci\u00f3, esqu\u00ed, entre d&#8217;altres.<br \/>\nEl pis est\u00e0 estrat\u00e8gicament ubicat perqu\u00e8 puguin aprofitar al m\u00e0xim les seves vacances, a tan sols 10 minuts de la pista d&#8217;esqu\u00ed de Port Ain\u00e9 i a 30 minuts del Parc Nacional d&#8217;Aig\u00fcestortes i Estany de Sant Maurici.<br \/>\nL&#8217;apartament est\u00e0 completament equipat amb totes les comoditats necess\u00e0ries, incloent llen\u00e7ors, tovalloles, televisi\u00f3, estris de cuina, microones, rentadora, estenedor, calefacci\u00f3, aire condicionat, entre d&#8217;altres.<br \/>\nL&#8217;edifici compta amb ascensor, i l&#8217;allotjament es distribueix en una habitaci\u00f3 amb llit matrimonial, dues habitacions amb dos llits individuals, menjador, cuina i bany.<br \/>\nA m\u00e9s, destaca el marrec balc\u00f3 amb vistes al riu Noguera Pallaresa.      &nbsp;  Inclou una pla\u00e7a d&#8217;aparcament privada i gratu\u00efta per a m\u00e9s comoditat durant la seva estada!  &nbsp;<\/p>\n<ul>\n<li><span class=\"fontstyle0\">Taxa tur\u00edstica d&#8217; 1 \u20ac per adult i nit no inclosa en la tarifa  <\/span><\/li>\n<li><span class=\"fontstyle0\">No s&#8217;admeten mascotes  <\/span><\/li>\n<li><span class=\"fontstyle0\">No s&#8217; admeten festes  <\/span><\/li>\n<li><span class=\"fontstyle0\">A l&#8217; entrada s&#8217; haur\u00e0 de lliurar una fian\u00e7a de 100 \u20ac que ser\u00e0 retornada al final de la seva estada<\/span><\/li>\n<\/ul>\n","protected":false},"excerpt":{"rendered":"<p><span class=\"fontstyle0\">  1 habitaci\u00f3 amb llit matrimonial, 2 habitacions amb llits individuals, 1 bany, menjador i cuina  <\/span><\/p>\n","protected":false},"featured_media":8514,"template":"","meta":{"_acf_changed":false,"_joinchat":[]},"product_brand":[],"product_cat":[58,60],"product_tag":[78],"class_list":{"0":"post-9798","1":"product","2":"type-product","3":"status-publish","4":"has-post-thumbnail","6":"product_cat-apartamentos-ca-2","7":"product_cat-pallars-sobira-ca-2","8":"product_tag-la-noguera","10":"first","11":"instock","12":"featured","13":"virtual","14":"product-type-simple"},"acf":[],"_links":{"self":[{"href":"https:\/\/lamfitriona.com\/ca\/wp-json\/wp\/v2\/product\/9798","targetHints":{"allow":["GET"]}}],"collection":[{"href":"https:\/\/lamfitriona.com\/ca\/wp-json\/wp\/v2\/product"}],"about":[{"href":"https:\/\/lamfitriona.com\/ca\/wp-json\/wp\/v2\/types\/product"}],"version-history":[{"count":1,"href":"https:\/\/lamfitriona.com\/ca\/wp-json\/wp\/v2\/product\/9798\/revisions"}],"predecessor-version":[{"id":9800,"href":"https:\/\/lamfitriona.com\/ca\/wp-json\/wp\/v2\/product\/9798\/revisions\/9800"}],"wp:featuredmedia":[{"embeddable":true,"href":"https:\/\/lamfitriona.com\/ca\/wp-json\/wp\/v2\/media\/8514"}],"wp:attachment":[{"href":"https:\/\/lamfitriona.com\/ca\/wp-json\/wp\/v2\/media?parent=9798"}],"wp:term":[{"taxonomy":"product_brand","embeddable":true,"href":"https:\/\/lamfitriona.com\/ca\/wp-json\/wp\/v2\/product_brand?post=9798"},{"taxonomy":"product_cat","embeddable":true,"href":"https:\/\/lamfitriona.com\/ca\/wp-json\/wp\/v2\/product_cat?post=9798"},{"taxonomy":"product_tag","embeddable":true,"href":"https:\/\/lamfitriona.com\/ca\/wp-json\/wp\/v2\/product_tag?post=9798"}],"curies":[{"name":"wp","href":"https:\/\/api.w.org\/{rel}","templated":true}]}}